{"id":9,"date":"2025-06-25T10:17:40","date_gmt":"2025-06-25T10:17:40","guid":{"rendered":"https:\/\/kamagra-podgorica.me\/?page_id=9"},"modified":"2025-06-27T10:33:48","modified_gmt":"2025-06-27T10:33:48","slug":"cart","status":"publish","type":"page","link":"https:\/\/kamagra-podgorica.me\/?page_id=9","title":{"rendered":"Cart"},"content":{"rendered":"\n<div data-block-name=\"woocommerce\/cart\" class=\"wp-block-woocommerce-cart alignwide is-loading\">\n<div data-block-name=\"woocommerce\/filled-cart-block\" class=\"wp-block-woocommerce-filled-cart-block\">\n<div data-block-name=\"woocommerce\/cart-items-block\" class=\"wp-block-woocommerce-cart-items-block\">\n<div data-block-name=\"woocommerce\/cart-line-items-block\" class=\"wp-block-woocommerce-cart-line-items-block\"><\/div>\n\n\n\n<div data-block-name=\"woocommerce\/cart-cross-sells-block\" class=\"wp-block-woocommerce-cart-cross-sells-block\">\n<h2 class=\"wp-block-heading has-large-font-size\">You may be interested in\u2026<\/h2>\n\n\n\n<div data-block-name=\"woocommerce\/cart-cross-sells-products-block\" class=\"wp-block-woocommerce-cart-cross-sells-products-block\"><\/div>\n<\/div>\n<\/div>\n\n\n\n<div data-block-name=\"woocommerce\/cart-totals-block\" class=\"wp-block-woocommerce-cart-totals-block\">\n<div data-block-name=\"woocommerce\/cart-order-summary-block\" class=\"wp-block-woocommerce-cart-order-summary-block\">\n<div data-block-name=\"woocommerce\/cart-order-summary-heading-block\" class=\"wp-block-woocommerce-cart-order-summary-heading-block\"><\/div><div data-block-name=\"woocommerce\/cart-order-summary-coupon-form-block\" class=\"wp-block-woocommerce-cart-order-summary-coupon-form-block\"><\/div><div data-block-name=\"woocommerce\/cart-order-summary-totals-block\" class=\"wp-block-woocommerce-cart-order-summary-totals-block\">\n<div data-block-name=\"woocommerce\/cart-order-summary-subtotal-block\" class=\"wp-block-woocommerce-cart-order-summary-subtotal-block\"><\/div>\n<div data-block-name=\"woocommerce\/cart-order-summary-discount-block\" class=\"wp-block-woocommerce-cart-order-summary-discount-block\"><\/div>\n<div data-block-name=\"woocommerce\/cart-order-summary-fee-block\" class=\"wp-block-woocommerce-cart-order-summary-fee-block\"><\/div>\n<div data-block-name=\"woocommerce\/cart-order-summary-shipping-block\" class=\"wp-block-woocommerce-cart-order-summary-shipping-block\"><\/div>\n<div data-block-name=\"woocommerce\/cart-order-summary-taxes-block\" class=\"wp-block-woocommerce-cart-order-summary-taxes-block\"><\/div><\/div>\n<\/div>\n\n\n\n<div data-block-name=\"woocommerce\/cart-express-payment-block\" class=\"wp-block-woocommerce-cart-express-payment-block\"><\/div>\n\n\n\n<div data-block-name=\"woocommerce\/proceed-to-checkout-block\" class=\"wp-block-woocommerce-proceed-to-checkout-block\"><\/div>\n\n\n\n<div data-block-name=\"woocommerce\/cart-accepted-payment-methods-block\" class=\"wp-block-woocommerce-cart-accepted-payment-methods-block\"><\/div>\n<\/div>\n<\/div>\n\n\n\n<div data-block-name=\"woocommerce\/empty-cart-block\" class=\"wp-block-woocommerce-empty-cart-block\">\n<h2 class=\"wp-block-heading has-text-align-center with-empty-cart-icon wc-block-cart__empty-cart__title\">Your cart is currently empty!<\/h2>\n\n\n\n<hr class=\"wp-block-separator has-alpha-channel-opacity is-style-dots\"\/>\n\n\n\n<h2 class=\"wp-block-heading has-text-align-center\">New in store<\/h2>\n\n\n<div data-block-name=\"woocommerce\/product-new\" data-columns=\"4\" data-rows=\"1\" class=\"wc-block-grid wp-block-product-new wp-block-woocommerce-product-new wc-block-product-new has-4-columns\"><ul class=\"wc-block-grid__products\"><li class=\"wc-block-grid__product\">\n\t\t\t\t<a href=\"https:\/\/kamagra-podgorica.me\/?product=super-vidalista-80-mg-tablete-20-mg-tadalafil-60-mg-dapoksetin-tablete-za-jaku-erekciju-i-odlaganje-ejakulacijepodgorica-crna-gora-za-duzi-odnos\" class=\"wc-block-grid__product-link\">\n\t\t\t\t\t\n\t\t\t\t\t<div class=\"wc-block-grid__product-image\"><img loading=\"lazy\" decoding=\"async\" width=\"250\" height=\"250\" src=\"https:\/\/kamagra-podgorica.me\/wp-content\/uploads\/2026\/03\/img_7901.jpeg\" class=\"attachment-woocommerce_thumbnail size-woocommerce_thumbnail\" alt=\"Super Vidalista 80 mg tablete (20 mg tadalafil + 60 mg dapoksetin) \u2013 Tablete za jaku erekciju i odlaganje ejakulacije\nPodgorica Crna Gora \n(za du\u017ei odnos)\" srcset=\"https:\/\/kamagra-podgorica.me\/wp-content\/uploads\/2026\/03\/img_7901.jpeg 250w, https:\/\/kamagra-podgorica.me\/wp-content\/uploads\/2026\/03\/img_7901-150x150.jpeg 150w, https:\/\/kamagra-podgorica.me\/wp-content\/uploads\/2026\/03\/img_7901-100x100.jpeg 100w\" sizes=\"(max-width: 250px) 100vw, 250px\" \/><\/div>\n\t\t\t\t\t<div class=\"wc-block-grid__product-title\">Super Vidalista 80 mg tablete (20 mg tadalafil + 60 mg dapoksetin) \u2013 Tablete za jaku erekciju i odlaganje ejakulacije\nPodgorica Crna Gora \n(za du\u017ei odnos)<\/div>\n\t\t\t\t<\/a>\n\t\t\t\t<div class=\"wc-block-grid__product-price price\"><span class=\"woocommerce-Price-amount amount\">25,00&nbsp;<span class=\"woocommerce-Price-currencySymbol\">&euro;<\/span><\/span><\/div>\n\t\t\t\t<div class=\"wc-block-grid__product-rating\"><div class=\"star-rating\" role=\"img\" aria-label=\"Ocjenjeno 5.00 od 5\"><span style=\"width:100%\">Korisni\u010dka ocjena: <strong class=\"rating\">5.00<\/strong> od ukupno 5 (<span class=\"rating\">1<\/span> korisnika)<\/span><\/div><\/div>\n\t\t\t\t<div class=\"wp-block-button wc-block-grid__product-add-to-cart\"><a href=\"\/index.php?rest_route=%2Fwp%2Fv2%2Fpages%2F9&#038;add-to-cart=416\" aria-label=\"Add to cart: &ldquo;Super Vidalista 80 mg tablete (20 mg tadalafil + 60 mg dapoksetin) \u2013 Tablete za jaku erekciju i odlaganje ejakulacije\nPodgorica Crna Gora \n(za du\u017ei odnos)&rdquo;\" data-quantity=\"1\" data-product_id=\"416\" data-product_sku=\"\" data-price=\"25\" rel=\"nofollow\" class=\"wp-block-button__link  add_to_cart_button ajax_add_to_cart\">Dodaj u korpu<\/a><\/div>\n\t\t\t<\/li><li class=\"wc-block-grid__product\">\n\t\t\t\t<a href=\"https:\/\/kamagra-podgorica.me\/?product=kamagra-polo-zvakace-tablete-100mg-zvakace-tablete-za-potenciju-podgorica-crna-gora\" class=\"wc-block-grid__product-link\">\n\t\t\t\t\t\n\t\t\t\t\t<div class=\"wc-block-grid__product-image\"><img loading=\"lazy\" decoding=\"async\" width=\"300\" height=\"300\" src=\"https:\/\/kamagra-podgorica.me\/wp-content\/uploads\/2026\/01\/img_6859-300x300.png\" class=\"attachment-woocommerce_thumbnail size-woocommerce_thumbnail\" alt=\"Kamagra Polo \u017dvaka\u0107e Tablete 100mg - \u017dvaka\u0107e Tablete za potenciju Podgorica Crna Gora\" \/><\/div>\n\t\t\t\t\t<div class=\"wc-block-grid__product-title\">Kamagra Polo \u017dvaka\u0107e Tablete 100mg &#8211; \u017dvaka\u0107e Tablete za potenciju Podgorica Crna Gora<\/div>\n\t\t\t\t<\/a>\n\t\t\t\t<div class=\"wc-block-grid__product-price price\"><span class=\"woocommerce-Price-amount amount\">15,00&nbsp;<span class=\"woocommerce-Price-currencySymbol\">&euro;<\/span><\/span><\/div>\n\t\t\t\t<div class=\"wc-block-grid__product-rating\"><div class=\"star-rating\" role=\"img\" aria-label=\"Ocjenjeno 5.00 od 5\"><span style=\"width:100%\">Korisni\u010dke ocjene: <strong class=\"rating\">5.00<\/strong> od ukupno 5 (<span class=\"rating\">2<\/span> korisnika)<\/span><\/div><\/div>\n\t\t\t\t<div class=\"wp-block-button wc-block-grid__product-add-to-cart\"><a href=\"\/index.php?rest_route=%2Fwp%2Fv2%2Fpages%2F9&#038;add-to-cart=385\" aria-label=\"Add to cart: &ldquo;Kamagra Polo \u017dvaka\u0107e Tablete 100mg - \u017dvaka\u0107e Tablete za potenciju Podgorica Crna Gora&rdquo;\" data-quantity=\"1\" data-product_id=\"385\" data-product_sku=\"\" data-price=\"15\" rel=\"nofollow\" class=\"wp-block-button__link  add_to_cart_button ajax_add_to_cart\">Dodaj u korpu<\/a><\/div>\n\t\t\t<\/li><li class=\"wc-block-grid__product\">\n\t\t\t\t<a href=\"https:\/\/kamagra-podgorica.me\/?product=poppers-rush-24-ml-poppers-za-seksualno-uzbudjenje-podgorica-crna-gora\" class=\"wc-block-grid__product-link\">\n\t\t\t\t\t<div class=\"wc-block-grid__product-onsale\">\n\t\t\t<span aria-hidden=\"true\">Sni\u017eenje<\/span>\n\t\t\t<span class=\"screen-reader-text\">Proizvod na akciji<\/span>\n\t\t<\/div>\n\t\t\t\t\t<div class=\"wc-block-grid__product-image\"><img loading=\"lazy\" decoding=\"async\" width=\"300\" height=\"300\" src=\"https:\/\/kamagra-podgorica.me\/wp-content\/uploads\/2025\/12\/img_6106-300x300.png\" class=\"attachment-woocommerce_thumbnail size-woocommerce_thumbnail\" alt=\"Poppers Rush 24 ml \u2013 Poppers za Seksualno Uzbu\u0111enje Podgorica Crna Gora\" \/><\/div>\n\t\t\t\t\t<div class=\"wc-block-grid__product-title\">Poppers Rush 24 ml \u2013 Poppers za Seksualno Uzbu\u0111enje Podgorica Crna Gora<\/div>\n\t\t\t\t<\/a>\n\t\t\t\t<div class=\"wc-block-grid__product-price price\"><del aria-hidden=\"true\"><span class=\"woocommerce-Price-amount amount\">35,00&nbsp;<span class=\"woocommerce-Price-currencySymbol\">&euro;<\/span><\/span><\/del> <span class=\"screen-reader-text\">Original price was: 35,00&nbsp;&euro;.<\/span><ins aria-hidden=\"true\"><span class=\"woocommerce-Price-amount amount\">30,00&nbsp;<span class=\"woocommerce-Price-currencySymbol\">&euro;<\/span><\/span><\/ins><span class=\"screen-reader-text\">Current price is: 30,00&nbsp;&euro;.<\/span><\/div>\n\t\t\t\t<div class=\"wc-block-grid__product-rating\"><div class=\"star-rating\" role=\"img\" aria-label=\"Ocjenjeno 5.00 od 5\"><span style=\"width:100%\">Korisni\u010dke ocjene: <strong class=\"rating\">5.00<\/strong> od ukupno 5 (<span class=\"rating\">5<\/span> korisnika)<\/span><\/div><\/div>\n\t\t\t\t<div class=\"wp-block-button wc-block-grid__product-add-to-cart\"><a href=\"\/index.php?rest_route=%2Fwp%2Fv2%2Fpages%2F9&#038;add-to-cart=359\" aria-label=\"Add to cart: &ldquo;Poppers Rush 24 ml \u2013 Poppers za Seksualno Uzbu\u0111enje Podgorica Crna Gora&rdquo;\" data-quantity=\"1\" data-product_id=\"359\" data-product_sku=\"\" data-price=\"30\" rel=\"nofollow\" class=\"wp-block-button__link  add_to_cart_button ajax_add_to_cart\">Dodaj u korpu<\/a><\/div>\n\t\t\t<\/li><li class=\"wc-block-grid__product\">\n\t\t\t\t<a href=\"https:\/\/kamagra-podgorica.me\/?product=dooz-14000-sprej-za-potenciju-podgorica-originalni-ultra-jak-sprej-za-odgadjanje-ejakulacije\" class=\"wc-block-grid__product-link\">\n\t\t\t\t\t<div class=\"wc-block-grid__product-onsale\">\n\t\t\t<span aria-hidden=\"true\">Sni\u017eenje<\/span>\n\t\t\t<span class=\"screen-reader-text\">Proizvod na akciji<\/span>\n\t\t<\/div>\n\t\t\t\t\t<div class=\"wc-block-grid__product-image\"><img loading=\"lazy\" decoding=\"async\" width=\"300\" height=\"300\" src=\"https:\/\/kamagra-podgorica.me\/wp-content\/uploads\/2025\/11\/img_5962-300x300.jpeg\" class=\"attachment-woocommerce_thumbnail size-woocommerce_thumbnail\" alt=\"Dooz 14000 sprej za potenciju \u2013 Sprej za odlaganje ejakulacije Podgorica Crna Gora\" \/><\/div>\n\t\t\t\t\t<div class=\"wc-block-grid__product-title\">Dooz 14000 sprej za potenciju \u2013 Sprej za odlaganje ejakulacije Podgorica Crna Gora<\/div>\n\t\t\t\t<\/a>\n\t\t\t\t<div class=\"wc-block-grid__product-price price\"><del aria-hidden=\"true\"><span class=\"woocommerce-Price-amount amount\">25,00&nbsp;<span class=\"woocommerce-Price-currencySymbol\">&euro;<\/span><\/span><\/del> <span class=\"screen-reader-text\">Original price was: 25,00&nbsp;&euro;.<\/span><ins aria-hidden=\"true\"><span class=\"woocommerce-Price-amount amount\">20,00&nbsp;<span class=\"woocommerce-Price-currencySymbol\">&euro;<\/span><\/span><\/ins><span class=\"screen-reader-text\">Current price is: 20,00&nbsp;&euro;.<\/span><\/div>\n\t\t\t\t<div class=\"wc-block-grid__product-rating\"><div class=\"star-rating\" role=\"img\" aria-label=\"Ocjenjeno 5.00 od 5\"><span style=\"width:100%\">Korisni\u010dke ocjene: <strong class=\"rating\">5.00<\/strong> od ukupno 5 (<span class=\"rating\">2<\/span> korisnika)<\/span><\/div><\/div>\n\t\t\t\t<div class=\"wp-block-button wc-block-grid__product-add-to-cart\"><a href=\"\/index.php?rest_route=%2Fwp%2Fv2%2Fpages%2F9&#038;add-to-cart=355\" aria-label=\"Add to cart: &ldquo;Dooz 14000 sprej za potenciju \u2013 Sprej za odlaganje ejakulacije Podgorica Crna Gora&rdquo;\" data-quantity=\"1\" data-product_id=\"355\" data-product_sku=\"\" data-price=\"20\" rel=\"nofollow\" class=\"wp-block-button__link  add_to_cart_button ajax_add_to_cart\">Dodaj u korpu<\/a><\/div>\n\t\t\t<\/li><\/ul><\/div><\/div>\n<\/div>\n","protected":false},"excerpt":{"rendered":"","protected":false},"author":1,"featured_media":0,"parent":0,"menu_order":0,"comment_status":"closed","ping_status":"closed","template":"","meta":{"_et_pb_use_builder":"","_et_pb_old_content":"","_et_gb_content_width":"","footnotes":""},"class_list":["post-9","page","type-page","status-publish","hentry"],"_links":{"self":[{"href":"https:\/\/kamagra-podgorica.me\/index.php?rest_route=\/wp\/v2\/pages\/9","targetHints":{"allow":["GET"]}}],"collection":[{"href":"https:\/\/kamagra-podgorica.me\/index.php?rest_route=\/wp\/v2\/pages"}],"about":[{"href":"https:\/\/kamagra-podgorica.me\/index.php?rest_route=\/wp\/v2\/types\/page"}],"author":[{"embeddable":true,"href":"https:\/\/kamagra-podgorica.me\/index.php?rest_route=\/wp\/v2\/users\/1"}],"replies":[{"embeddable":true,"href":"https:\/\/kamagra-podgorica.me\/index.php?rest_route=%2Fwp%2Fv2%2Fcomments&post=9"}],"version-history":[{"count":1,"href":"https:\/\/kamagra-podgorica.me\/index.php?rest_route=\/wp\/v2\/pages\/9\/revisions"}],"predecessor-version":[{"id":13,"href":"https:\/\/kamagra-podgorica.me\/index.php?rest_route=\/wp\/v2\/pages\/9\/revisions\/13"}],"wp:attachment":[{"href":"https:\/\/kamagra-podgorica.me\/index.php?rest_route=%2Fwp%2Fv2%2Fmedia&parent=9"}],"curies":[{"name":"wp","href":"https:\/\/api.w.org\/{rel}","templated":true}]}}