{"id":198,"date":"2025-07-18T19:50:55","date_gmt":"2025-07-18T19:50:55","guid":{"rendered":"https:\/\/kamagra-podgorica.me\/?product=poppers-jungle-juice-i-super-rush-25-ml-25e"},"modified":"2026-04-05T07:06:48","modified_gmt":"2026-04-05T07:06:48","slug":"poppers-jungle-juice-i-super-rush-25-ml-25e","status":"publish","type":"product","link":"https:\/\/kamagra-podgorica.me\/?product=poppers-jungle-juice-i-super-rush-25-ml-25e","title":{"rendered":"Poppers Jungle Juice i Super Rush 25 ml \u2013 Poppers za Seksualno Uzbu\u0111enje Podgorica Crna Gora"},"content":{"rendered":"<p>POPPERS 25ml<\/p>\n<p>\u201cJungle Juice Extreme Formula\u201d i \u201cSuper Rush New Formula\u201d<\/p>\n<p>bo\u010dica 25ml-25e<\/p>\n<p>Za potpuno druga\u010diji u\u017eitak.<\/p>\n<p>Postoji dobar razlog za\u0161to ga mnogi od vas obo\u017eavaju. Uzmite Poppers svaki vikend i da\u0107e vam tonu u\u017eitaka! Rush poppers i sex! Poppers \u010dini sex vrhunskim do\u017eivljajem. Daje puno bolji orgazam, zapravo ova mala boca poppersa \u010dini toliku razliku da niko vi\u0161e ne \u017eeli sex bez njega! O, jesmo li spomenuli sex i rush? Boca rusha mo\u017ee u\u010diniti sex dobrim, a dobar sex spektakularnim! Koriste\u0107i rush tokom sexa postajete zvijer i tada sex postaje silan! Prvi efekt rusha je totalno opu\u0161tanje mi\u0161ica u tijelu. To donosi ugodnu toplinu i veliku koli\u010dinu kiseonika u sve djelove tijela i daje taj rush ose\u0107aj! Pove\u0107anje kiseonika u tijelu dovodi i do pozitivnih emocija \u0161to vas dovodi do brutalnog divljeg sexa! Rush poppers \u010dini orgazam puno du\u017eim, te ga neki ljudi nazivaju masivnim orgazmom! Kada se bo\u010dica otvori prinosi se nosu te se inhalira. Efekti inhaliranja se mogu osje\u0107ati oko 15 sekundi nakon inhaliranja i traju 3-5min. Ponavljanjem postupka inhalacije osje\u0107aj opu\u0161tenosti dobije se na du\u017ee vrijeme. Mi\u0161i\u0107i tijela se opu\u0161taju, tijelo preplavljuje toplina, krvne \u017eile se pro\u0161iruju, sni\u017eava se krvni pritisak, srce br\u017ee kuca i \u0161alje veliku koli\u010dinu kiseonika kroz krvotok u srce i mozak. Korisnik mo\u017ee osje\u0107ati, laganu opijenost, ubrzani protok krvi senzibilizuje sva \u010dula. S obzirom da jak efekat kratko traje korisnici se \u010desto nastavljaju inhalirati tokom cijele seksualne aktivnosti, kori\u0161tenjem poppersa orgazam je intenzivniji i du\u017ee traje. Poppersi se \u010desto koriste u sex barovima, saunama ili klubovima gdje se bo\u010dice ostavljaju otvorene da ispune sobu mirisom koji opu\u0161ta i pove\u0107ava osje\u0107aj zadovoljstva\u2026 Mnoga istra\u017eivanja su otkrila da je poppers najbli\u017ei pravim afrodizijacima koji postoje. A mnogi tvrde da je i vi\u0161e od afrodizijaka.<\/p>\n<p>Za novu dimenziju uzitka. \u201cJungle Juice Extreme Formula\u201d i<\/p>\n<p>\u201cSuper Rush New Formula\u201d poppers.<\/p>\n<p>potencija podgorica poppers kamagra podgorica kamagra crna gora preparati za potenciju podgorica<\/p>\n<p><strong style=\"margin: 0px;padding: 0px;border: 0px;font-size: 14px;vertical-align: baseline;background: none;font-weight: 700\">Diskrecija zagarantovana.<\/strong><\/p>\n<p>Dostava kurirom \u2013 Cijela Crna Gora: Podgorica, Nik\u0161i\u0107, Cetinje, Danilovgrad, Plu\u017eine, \u0160avnik, \u017dabljak, Pljevlja, Berane, Bijelo Polje, Petnjica, Ro\u017eaje, Plav, Bar, Ulcinj, Petrovac, Budva, Kotor, Tivat, Herceg Novi.<\/p>\n<p><strong style=\"margin: 0px;padding: 0px;border: 0px;font-size: 14px;vertical-align: baseline;background: none;font-weight: 700\">Pozovite ili po\u0161aljite poruku na:<span class=\"Apple-converted-space\">&nbsp;<\/span><a href=\"tel:067%20450%20300\" style=\"margin: 0px;padding: 0px;border: 0px;font-size: 14px;vertical-align: baseline;background: none;text-decoration: none\">067 450 300<\/a>\u2013 Viber WhatsApp<\/strong><\/p>\n<p>&nbsp;<\/p>\n","protected":false},"excerpt":{"rendered":"<p>POPPERS 25ml \u201cJungle Juice Extreme Formula\u201d i \u201cSuper Rush New Formula\u201d bo\u010dica 25ml-25e Za potpuno druga\u010diji u\u017eitak. Postoji dobar razlog za\u0161to ga mnogi od vas obo\u017eavaju. Uzmite Poppers svaki vikend i da\u0107e vam tonu u\u017eitaka! Rush poppers i sex! Poppers \u010dini sex vrhunskim do\u017eivljajem. Daje puno bolji orgazam, zapravo ova mala boca poppersa \u010dini toliku [&hellip;]<\/p>\n","protected":false},"featured_media":237,"comment_status":"open","ping_status":"closed","template":"","meta":{"_et_pb_use_builder":"","_et_pb_old_content":"","_et_gb_content_width":""},"product_brand":[],"product_cat":[341,313,499,484,324,493,305,432,433,509,496,485,430,431,486,458,460,457,459,456,507,461,464,465,462,463,503,478,494,342,363,364,366,365,310],"product_tag":[59,54,55,62,48,49,588,589,63,47,56,61,58,53,50,57,51,64,60,52],"class_list":{"0":"post-198","1":"product","2":"type-product","3":"status-publish","4":"has-post-thumbnail","6":"product_cat-afrodizijak","7":"product_cat-diskretna-dostava-podgorica","8":"product_cat-diskretna-dostava-poppers","9":"product_cat-diskretna-kupovina","10":"product_cat-najbolji-preparati-za-potenciju-podgorica","11":"product_cat-originalni-poppers-online","12":"product_cat-poppers-amil-nitrit","13":"product_cat-poppers-crna-gora","14":"product_cat-poppers-crna-gora-dostava","15":"product_cat-poppers-dostava-crna-gora","16":"product_cat-poppers-dostava-podgorica","17":"product_cat-poppers-iskustva","18":"product_cat-poppers-podgorica","19":"product_cat-poppers-podgorica-dostava","20":"product_cat-poppers-prodaja","21":"product_cat-potencija-crna-gora","22":"product_cat-potencija-crna-gora-dostava","23":"product_cat-potencija-podgorica","24":"product_cat-potencija-podgorica-dostava","25":"product_cat-potenicija-podgorica-preparati","26":"product_cat-potencija-preparati-crna-gora","27":"product_cat-preparati-za-potenciju","28":"product_cat-preparati-za-potenciju-crna-gora","29":"product_cat-preparati-za-potenciju-crna-gora-dostava","30":"product_cat-preparati-za-potenciju-podgorica","31":"product_cat-preparati-za-potenciju-podgorica-dostava","32":"product_cat-preparati-za-zene","33":"product_cat-preparati-za-zensku-potenciju-podgorica","34":"product_cat-za-musku-potenciju","35":"product_cat-za-musku-potenciju-podgorica","36":"product_cat-za-zene","37":"product_cat-za-zensku-potenciju","38":"product_cat-za-zensku-potenciju-crna-gora","39":"product_cat-za-zensku-potenciju-podgorica","40":"product_cat-zadovoljstvo-za-dame","41":"product_tag-bar","42":"product_tag-berane","43":"product_tag-bijelo-polje","44":"product_tag-budva","45":"product_tag-cetinje","46":"product_tag-danilovgrad","47":"product_tag-dostava-kurirom-cijela-crna-gora-podgorica","48":"product_tag-herceg-novi-2","49":"product_tag-kotor","50":"product_tag-niksic","51":"product_tag-petnjica","52":"product_tag-petrovac","53":"product_tag-plav","54":"product_tag-pljevlja","55":"product_tag-pluzine","56":"product_tag-rozaje","57":"product_tag-savnik","58":"product_tag-tivat","59":"product_tag-ulcinj","60":"product_tag-zabljak","62":"first","63":"instock","64":"shipping-taxable","65":"purchasable","66":"product-type-simple"},"_links":{"self":[{"href":"https:\/\/kamagra-podgorica.me\/index.php?rest_route=\/wp\/v2\/product\/198","targetHints":{"allow":["GET"]}}],"collection":[{"href":"https:\/\/kamagra-podgorica.me\/index.php?rest_route=\/wp\/v2\/product"}],"about":[{"href":"https:\/\/kamagra-podgorica.me\/index.php?rest_route=\/wp\/v2\/types\/product"}],"replies":[{"embeddable":true,"href":"https:\/\/kamagra-podgorica.me\/index.php?rest_route=%2Fwp%2Fv2%2Fcomments&post=198"}],"wp:featuredmedia":[{"embeddable":true,"href":"https:\/\/kamagra-podgorica.me\/index.php?rest_route=\/wp\/v2\/media\/237"}],"wp:attachment":[{"href":"https:\/\/kamagra-podgorica.me\/index.php?rest_route=%2Fwp%2Fv2%2Fmedia&parent=198"}],"wp:term":[{"taxonomy":"product_brand","embeddable":true,"href":"https:\/\/kamagra-podgorica.me\/index.php?rest_route=%2Fwp%2Fv2%2Fproduct_brand&post=198"},{"taxonomy":"product_cat","embeddable":true,"href":"https:\/\/kamagra-podgorica.me\/index.php?rest_route=%2Fwp%2Fv2%2Fproduct_cat&post=198"},{"taxonomy":"product_tag","embeddable":true,"href":"https:\/\/kamagra-podgorica.me\/index.php?rest_route=%2Fwp%2Fv2%2Fproduct_tag&post=198"}],"curies":[{"name":"wp","href":"https:\/\/api.w.org\/{rel}","templated":true}]}}