{"id":226,"date":"2025-09-18T20:58:39","date_gmt":"2025-09-18T20:58:39","guid":{"rendered":"https:\/\/kamagra-podgorica.me\/?product=poppers-iron-fist-30-ml"},"modified":"2026-05-04T05:59:20","modified_gmt":"2026-05-04T05:59:20","slug":"poppers-iron-fist-30-ml","status":"publish","type":"product","link":"https:\/\/kamagra-podgorica.me\/?product=poppers-iron-fist-30-ml","title":{"rendered":"Poppers Iron Fist 30 ml \u2013 Poppers za Seksualno Uzbu\u0111enje Podgorica Crna Gora"},"content":{"rendered":"<h2 style=\"--theme-font-family: Poppins, Sans-Serif;--theme-font-weight: 700;--theme-font-size: 35px;--theme-line-height: 1.5;margin-top: 0px;margin-bottom: 0px;padding: 0px;border: medium;font-style: normal;font-weight: var(--theme-font-weight);font-size: var(--theme-font-size);line-height: var(--theme-line-height);font-family: var(--theme-font-family);color: var(--theme-heading-color, var(--theme-heading-2-color, var(--theme-headings-color)));letter-spacing: normal;text-transform: none;text-decoration-style;text-decoration-color;text-decoration: none;max-width: var(--wp--style--global--content-size);margin-left: auto !important;margin-right: auto !important;margin-block-end: calc(var(--has-theme-content-spacing, 1)*(.3em + 10px));width: var(--theme-block-width);margin-block-start: 0px;text-align: start;text-indent: 0px\">Poppers Iron Fist<\/h2>\n<p><strong style=\"font-weight: bold\">Poppers Iron Fist 30 ml<\/strong><span class=\"Apple-converted-space\">&nbsp;<\/span>poseduje moc\u0301ne i afrodizija\u010dke efekte, zahvaljujuc\u0301i aromi pentil. Iron Fist poppers, tako\u0111e se nalazi u aluminijumskoj boci, \u0161to ga \u010dini nelomljivim. Sna\u017ean poppers u sigurnoj boci zahvaljujuc\u0301i dvostruko bezbednom poklopcu protiv curenja!<br \/>\n<em style=\"margin: 0px;padding: 0px;border: medium;font-style: italic;font-weight: inherit;font-size: inherit;line-height: inherit;font-family: inherit\">Poppers je vazodilatator, \u0161to zna\u010di da \u0161iri krvne sudove i povec\u0301ava protok krvi u unutra\u0161nje organe, uklju\u010dujuc\u0301i mozak.<\/em><span class=\"Apple-converted-space\">&nbsp;<\/span>Ovo stvara osec\u0301aj topline i opu\u0161tanja mi\u0161ic\u0301a, kao i osec\u0301aj euforije.<\/p>\n<h3 style=\"--theme-font-family: Poppins, Sans-Serif;--theme-font-weight: 700;--theme-font-size: 30px;--theme-line-height: 1.5;margin-top: 0px;margin-bottom: 0px;padding: 0px;border: medium;font-style: normal;font-weight: var(--theme-font-weight);font-size: var(--theme-font-size);line-height: var(--theme-line-height);font-family: var(--theme-font-family);color: var(--theme-heading-color, var(--theme-heading-3-color, var(--theme-headings-color)));letter-spacing: normal;text-transform: none;text-decoration-style;text-decoration-color;text-decoration: none;margin-block-start: var(--theme-content-spacing);max-width: var(--wp--style--global--content-size);margin-left: auto !important;margin-right: auto !important;margin-block-end: calc(var(--has-theme-content-spacing, 1)*(.3em + 10px));width: var(--theme-block-width);text-align: start;text-indent: 0px\">Upotreba Iron Fist<\/h3>\n<p>Aktivni sastojak popera mo\u017ee biti amil, propil ili pentil. Glavna razlika izme\u0111u ovih nitrita je njihovo vreme delovanja i intenzitet.<br \/>\nAmil se \u010desto smatra najja\u010dim i najbr\u017eim, dok je pentil mek\u0161i i du\u017ei.<em style=\"margin: 0px;padding: 0px;border: medium;font-style: italic;font-weight: inherit;font-size: inherit;line-height: inherit;font-family: inherit\">Poppers Iron Fist 30 ml vas nec\u0301e razo\u010darati!<\/em><\/p>\n<p><em style=\"margin: 0px;padding: 0px;border: medium;font-style: italic;font-weight: inherit;font-size: inherit;line-height: inherit;font-family: inherit\">Otvorite Iron Fist 30ml poppers i raspr\u0161ite njegovu aromu na trenutak u svojoj sobi da biste brzo pristupili njenim efektima!<br \/>\nProizvod koji morate imati za intenzivne senzacije i jedinstveno iskustvo.<\/em><\/p>\n<h3 style=\"--theme-font-family: Poppins, Sans-Serif;--theme-font-weight: 700;--theme-font-size: 30px;--theme-line-height: 1.5;margin-top: 0px;margin-bottom: 0px;padding: 0px;border: medium;font-style: normal;font-weight: var(--theme-font-weight);font-size: var(--theme-font-size);line-height: var(--theme-line-height);font-family: var(--theme-font-family);color: var(--theme-heading-color, var(--theme-heading-3-color, var(--theme-headings-color)));letter-spacing: normal;text-transform: none;text-decoration-style;text-decoration-color;text-decoration: none;margin-block-start: var(--theme-content-spacing);max-width: var(--wp--style--global--content-size);margin-left: auto !important;margin-right: auto !important;margin-block-end: calc(var(--has-theme-content-spacing, 1)*(.3em + 10px));width: var(--theme-block-width);text-align: start;text-indent: 0px\">Sastav Iron Fist<\/h3>\n<p>Formulisan sa amil nitritom, Poppers Iron Fist je dizajniran da pru\u017ei intenzivno i duboko iskustvo. Visoka koncentracija garantuje moc\u0301ne i dugotrajne efekte. Amil nitrit poppers su uglavnom namenjeni iskusnijoj publici zbog svoje snage. Poznato je da nudi intenzivnije i dugotrajnije efekte u pore\u0111enju sa drugim vrstama popera.<\/p>\n<h3 style=\"--theme-font-family: Poppins, Sans-Serif;--theme-font-weight: 700;--theme-font-size: 30px;--theme-line-height: 1.5;margin-top: 0px;margin-bottom: 0px;padding: 0px;border: medium;font-style: normal;font-weight: var(--theme-font-weight);font-size: var(--theme-font-size);line-height: var(--theme-line-height);font-family: var(--theme-font-family);color: var(--theme-heading-color, var(--theme-heading-3-color, var(--theme-headings-color)));letter-spacing: normal;text-transform: none;text-decoration-style;text-decoration-color;text-decoration: none;margin-block-start: var(--theme-content-spacing);max-width: var(--wp--style--global--content-size);margin-left: auto !important;margin-right: auto !important;margin-block-end: calc(var(--has-theme-content-spacing, 1)*(.3em + 10px));width: var(--theme-block-width);text-align: start;text-indent: 0px\">Efekti Iron Fist<\/h3>\n<p>Efekati Iron Fist Poppersa:<br \/>\nSna\u017ean osec\u0301aj euforije, skoro trenutni<br \/>\nSeksualno uzbu\u0111enje<br \/>\nBrzo op\u0161te opu\u0161tanje tela<\/p>\n<p>Iron Fist poppers, kao i svaka supstanca za inhalaciju, mo\u017ee imati razli\u010dite efekte koji u velikoj meri zavise od pojedinca koji ga koristi. Ove razlike su posledica mno\u0161tva faktora, kao \u0161to su fizi\u010dki sastav osobe, op\u0161te zdravlje, prethodno iskustvo sa sli\u010dnim supstancama, kao i okolina tokom upotrebe. Stoga, iako se neki uobi\u010dajeni efekti mogu videti kod mnogih korisnika, va\u017eno je napomenuti da individualno iskustvo mo\u017ee uveliko varirati.<\/p>\n<p><em style=\"margin: 0px;padding: 0px;border: medium;font-style: italic;font-weight: inherit;font-size: inherit;line-height: inherit;font-family: inherit\">Zato ne oklevajte da testirate i formirate svoje mi\u0161ljenje o Iron Fist Poppers-u, nudimo brzu i diskretnu isporuku!<\/em><\/p>\n<h3 style=\"--theme-font-family: Poppins, Sans-Serif;--theme-font-weight: 700;--theme-font-size: 30px;--theme-line-height: 1.5;margin-top: 0px;margin-bottom: 0px;padding: 0px;border: medium;font-style: normal;font-weight: var(--theme-font-weight);font-size: var(--theme-font-size);line-height: var(--theme-line-height);font-family: var(--theme-font-family);color: var(--theme-heading-color, var(--theme-heading-3-color, var(--theme-headings-color)));letter-spacing: normal;text-transform: none;text-decoration-style;text-decoration-color;text-decoration: none;margin-block-start: var(--theme-content-spacing);max-width: var(--wp--style--global--content-size);margin-left: auto !important;margin-right: auto !important;margin-block-end: calc(var(--has-theme-content-spacing, 1)*(.3em + 10px));width: var(--theme-block-width);text-align: start;text-indent: 0px\">Upotreba Iron Fist<\/h3>\n<p>Upotreba i mere predostro\u017enosti Poppers Iron Fist:<br \/>\nIdealno za iskusne korisnike koji tra\u017ee maksimalnu snagu.<br \/>\nZa upotrebu u provetrenom i bezbednom okru\u017eenju.<br \/>\nIzbegavajte direktan kontakt sa ko\u017eom i o\u010dima.<br \/>\nDr\u017eati van doma\u0161aja dece.<\/p>\n<p>Diskrecija zagarantovana.<\/p>\n<p>Dostava kurirom \u2013 Cijela Crna Gora: Podgorica, Nik\u0161i\u0107, Cetinje, Danilovgrad, Plu\u017eine, \u0160avnik, \u017dabljak, Pljevlja, Berane, Bijelo Polje, Petnjica, Ro\u017eaje, Plav, Bar, Ulcinj, Petrovac, Budva, Kotor, Tivat, Herceg Novi.<\/p>\n<p><strong style=\"margin: 0px;padding: 0px;border: 0px;font-size: 14px;vertical-align: baseline;background: none;font-weight: 700\">Pozovite ili po\u0161aljite poruku na: 067 450 300 \u2013 Viber WhatsApp<\/strong><\/p>\n","protected":false},"excerpt":{"rendered":"<p>Poppers Iron Fist Poppers Iron Fist 30 ml&nbsp;poseduje moc\u0301ne i afrodizija\u010dke efekte, zahvaljujuc\u0301i aromi pentil. Iron Fist poppers, tako\u0111e se nalazi u aluminijumskoj boci, \u0161to ga \u010dini nelomljivim. Sna\u017ean poppers u sigurnoj boci zahvaljujuc\u0301i dvostruko bezbednom poklopcu protiv curenja! Poppers je vazodilatator, \u0161to zna\u010di da \u0161iri krvne sudove i povec\u0301ava protok krvi u unutra\u0161nje organe, [&hellip;]<\/p>\n","protected":false},"featured_media":225,"comment_status":"open","ping_status":"closed","template":"","meta":{"_et_pb_use_builder":"","_et_pb_old_content":"","_et_gb_content_width":""},"product_brand":[],"product_cat":[341,313,499,484,324,493,305,432,433,509,496,485,430,431,486,458,460,457,459,456,507,461,464,465,462,463,503,478,494,342,363,364,366,365,310],"product_tag":[59,54,55,62,48,49,588,589,63,47,56,61,58,53,50,57,51,64,60,52],"class_list":{"0":"post-226","1":"product","2":"type-product","3":"status-publish","4":"has-post-thumbnail","6":"product_cat-afrodizijak","7":"product_cat-diskretna-dostava-podgorica","8":"product_cat-diskretna-dostava-poppers","9":"product_cat-diskretna-kupovina","10":"product_cat-najbolji-preparati-za-potenciju-podgorica","11":"product_cat-originalni-poppers-online","12":"product_cat-poppers-amil-nitrit","13":"product_cat-poppers-crna-gora","14":"product_cat-poppers-crna-gora-dostava","15":"product_cat-poppers-dostava-crna-gora","16":"product_cat-poppers-dostava-podgorica","17":"product_cat-poppers-iskustva","18":"product_cat-poppers-podgorica","19":"product_cat-poppers-podgorica-dostava","20":"product_cat-poppers-prodaja","21":"product_cat-potencija-crna-gora","22":"product_cat-potencija-crna-gora-dostava","23":"product_cat-potencija-podgorica","24":"product_cat-potencija-podgorica-dostava","25":"product_cat-potenicija-podgorica-preparati","26":"product_cat-potencija-preparati-crna-gora","27":"product_cat-preparati-za-potenciju","28":"product_cat-preparati-za-potenciju-crna-gora","29":"product_cat-preparati-za-potenciju-crna-gora-dostava","30":"product_cat-preparati-za-potenciju-podgorica","31":"product_cat-preparati-za-potenciju-podgorica-dostava","32":"product_cat-preparati-za-zene","33":"product_cat-preparati-za-zensku-potenciju-podgorica","34":"product_cat-za-musku-potenciju","35":"product_cat-za-musku-potenciju-podgorica","36":"product_cat-za-zene","37":"product_cat-za-zensku-potenciju","38":"product_cat-za-zensku-potenciju-crna-gora","39":"product_cat-za-zensku-potenciju-podgorica","40":"product_cat-zadovoljstvo-za-dame","41":"product_tag-bar","42":"product_tag-berane","43":"product_tag-bijelo-polje","44":"product_tag-budva","45":"product_tag-cetinje","46":"product_tag-danilovgrad","47":"product_tag-dostava-kurirom-cijela-crna-gora-podgorica","48":"product_tag-herceg-novi-2","49":"product_tag-kotor","50":"product_tag-niksic","51":"product_tag-petnjica","52":"product_tag-petrovac","53":"product_tag-plav","54":"product_tag-pljevlja","55":"product_tag-pluzine","56":"product_tag-rozaje","57":"product_tag-savnik","58":"product_tag-tivat","59":"product_tag-ulcinj","60":"product_tag-zabljak","62":"first","63":"instock","64":"shipping-taxable","65":"purchasable","66":"product-type-simple"},"_links":{"self":[{"href":"https:\/\/kamagra-podgorica.me\/index.php?rest_route=\/wp\/v2\/product\/226","targetHints":{"allow":["GET"]}}],"collection":[{"href":"https:\/\/kamagra-podgorica.me\/index.php?rest_route=\/wp\/v2\/product"}],"about":[{"href":"https:\/\/kamagra-podgorica.me\/index.php?rest_route=\/wp\/v2\/types\/product"}],"replies":[{"embeddable":true,"href":"https:\/\/kamagra-podgorica.me\/index.php?rest_route=%2Fwp%2Fv2%2Fcomments&post=226"}],"wp:featuredmedia":[{"embeddable":true,"href":"https:\/\/kamagra-podgorica.me\/index.php?rest_route=\/wp\/v2\/media\/225"}],"wp:attachment":[{"href":"https:\/\/kamagra-podgorica.me\/index.php?rest_route=%2Fwp%2Fv2%2Fmedia&parent=226"}],"wp:term":[{"taxonomy":"product_brand","embeddable":true,"href":"https:\/\/kamagra-podgorica.me\/index.php?rest_route=%2Fwp%2Fv2%2Fproduct_brand&post=226"},{"taxonomy":"product_cat","embeddable":true,"href":"https:\/\/kamagra-podgorica.me\/index.php?rest_route=%2Fwp%2Fv2%2Fproduct_cat&post=226"},{"taxonomy":"product_tag","embeddable":true,"href":"https:\/\/kamagra-podgorica.me\/index.php?rest_route=%2Fwp%2Fv2%2Fproduct_tag&post=226"}],"curies":[{"name":"wp","href":"https:\/\/api.w.org\/{rel}","templated":true}]}}