{"id":230,"date":"2025-09-19T01:07:28","date_gmt":"2025-09-19T01:07:28","guid":{"rendered":"https:\/\/kamagra-podgorica.me\/?product=poppers-iron-fist-no-limit-butanol-24ml"},"modified":"2026-05-02T20:14:42","modified_gmt":"2026-05-02T20:14:42","slug":"poppers-iron-fist-no-limit-butanol-24ml","status":"publish","type":"product","link":"https:\/\/kamagra-podgorica.me\/?product=poppers-iron-fist-no-limit-butanol-24ml","title":{"rendered":"Poppers Iron Fist No Limit Butanol 24 ml \u2013 Poppers za Seksualno Uzbu\u0111enje Podgorica Crna Gora"},"content":{"rendered":"<p>Poppers Iron Fist No Limit Butanol 24ml je NOVI sjajan proizvod.<br \/>\nKompleksna me\u0161avina Pentila i Butanola u aluminijumskoj boci.<br \/>\nU svojoj kontinuiranoj potrazi da vas sve urade \u0161to je vi\u0161e i<br \/>\nbolje moguc\u0301e, objavili su dodatak Iron Fist No Limit \u2013 Butanol.<br \/>\nBr\u017ee od Pentila, te\u017ee od Amila, Butanol Iron Fist c\u0301e vas u\u010diniti divljim.<\/p>\n<p>Kompleksna me\u0161avina Pentila i Butanola u aluminijumskoj boci.<span class=\"Apple-converted-space\">&nbsp;<\/span><\/p>\n<p>Upakovano u brendiranu kutiju i nelomljivu bo\u010dicu.<\/p>\n<p>Diskrecija zagarantovana.<\/p>\n<p>Dostava kurirom \u2013 Cijela Crna Gora: Podgorica, Nik\u0161i\u0107, Cetinje, Danilovgrad, Plu\u017eine, \u0160avnik, \u017dabljak, Pljevlja, Berane, Bijelo Polje, Petnjica, Ro\u017eaje, Plav, Bar, Ulcinj, Petrovac, Budva, Kotor, Tivat, Herceg Novi.<\/p>\n<p><strong style=\"margin: 0px;padding: 0px;border: 0px;font-size: 14px;vertical-align: baseline;background: none;font-weight: 700\">Pozovite ili po\u0161aljite poruku na:<span class=\"Apple-converted-space\">&nbsp;<\/span><a href=\"tel:067%20450%20300\" style=\"margin: 0px;padding: 0px;border: 0px;font-size: 14px;vertical-align: baseline;background: none;text-decoration: none\">067 450 300<\/a><span class=\"Apple-converted-space\">&nbsp;<\/span>\u2013 Viber WhatsApp<\/strong><\/p>\n","protected":false},"excerpt":{"rendered":"<p>Poppers Iron Fist No Limit Butanol 24ml je NOVI sjajan proizvod. Kompleksna me\u0161avina Pentila i Butanola u aluminijumskoj boci. U svojoj kontinuiranoj potrazi da vas sve urade \u0161to je vi\u0161e i bolje moguc\u0301e, objavili su dodatak Iron Fist No Limit \u2013 Butanol. Br\u017ee od Pentila, te\u017ee od Amila, Butanol Iron Fist c\u0301e vas u\u010diniti divljim. [&hellip;]<\/p>\n","protected":false},"featured_media":229,"comment_status":"open","ping_status":"closed","template":"","meta":{"_et_pb_use_builder":"","_et_pb_old_content":"","_et_gb_content_width":""},"product_brand":[],"product_cat":[341,313,499,484,324,493,305,432,433,509,496,485,430,431,486,458,460,457,459,456,507,461,464,465,462,463,503,478,494,342,363,364,366,365,310],"product_tag":[59,54,55,62,48,49,588,589,63,47,56,61,58,53,50,57,51,64,60,52],"class_list":{"0":"post-230","1":"product","2":"type-product","3":"status-publish","4":"has-post-thumbnail","6":"product_cat-afrodizijak","7":"product_cat-diskretna-dostava-podgorica","8":"product_cat-diskretna-dostava-poppers","9":"product_cat-diskretna-kupovina","10":"product_cat-najbolji-preparati-za-potenciju-podgorica","11":"product_cat-originalni-poppers-online","12":"product_cat-poppers-amil-nitrit","13":"product_cat-poppers-crna-gora","14":"product_cat-poppers-crna-gora-dostava","15":"product_cat-poppers-dostava-crna-gora","16":"product_cat-poppers-dostava-podgorica","17":"product_cat-poppers-iskustva","18":"product_cat-poppers-podgorica","19":"product_cat-poppers-podgorica-dostava","20":"product_cat-poppers-prodaja","21":"product_cat-potencija-crna-gora","22":"product_cat-potencija-crna-gora-dostava","23":"product_cat-potencija-podgorica","24":"product_cat-potencija-podgorica-dostava","25":"product_cat-potenicija-podgorica-preparati","26":"product_cat-potencija-preparati-crna-gora","27":"product_cat-preparati-za-potenciju","28":"product_cat-preparati-za-potenciju-crna-gora","29":"product_cat-preparati-za-potenciju-crna-gora-dostava","30":"product_cat-preparati-za-potenciju-podgorica","31":"product_cat-preparati-za-potenciju-podgorica-dostava","32":"product_cat-preparati-za-zene","33":"product_cat-preparati-za-zensku-potenciju-podgorica","34":"product_cat-za-musku-potenciju","35":"product_cat-za-musku-potenciju-podgorica","36":"product_cat-za-zene","37":"product_cat-za-zensku-potenciju","38":"product_cat-za-zensku-potenciju-crna-gora","39":"product_cat-za-zensku-potenciju-podgorica","40":"product_cat-zadovoljstvo-za-dame","41":"product_tag-bar","42":"product_tag-berane","43":"product_tag-bijelo-polje","44":"product_tag-budva","45":"product_tag-cetinje","46":"product_tag-danilovgrad","47":"product_tag-dostava-kurirom-cijela-crna-gora-podgorica","48":"product_tag-herceg-novi-2","49":"product_tag-kotor","50":"product_tag-niksic","51":"product_tag-petnjica","52":"product_tag-petrovac","53":"product_tag-plav","54":"product_tag-pljevlja","55":"product_tag-pluzine","56":"product_tag-rozaje","57":"product_tag-savnik","58":"product_tag-tivat","59":"product_tag-ulcinj","60":"product_tag-zabljak","62":"first","63":"instock","64":"shipping-taxable","65":"purchasable","66":"product-type-simple"},"_links":{"self":[{"href":"https:\/\/kamagra-podgorica.me\/index.php?rest_route=\/wp\/v2\/product\/230","targetHints":{"allow":["GET"]}}],"collection":[{"href":"https:\/\/kamagra-podgorica.me\/index.php?rest_route=\/wp\/v2\/product"}],"about":[{"href":"https:\/\/kamagra-podgorica.me\/index.php?rest_route=\/wp\/v2\/types\/product"}],"replies":[{"embeddable":true,"href":"https:\/\/kamagra-podgorica.me\/index.php?rest_route=%2Fwp%2Fv2%2Fcomments&post=230"}],"wp:featuredmedia":[{"embeddable":true,"href":"https:\/\/kamagra-podgorica.me\/index.php?rest_route=\/wp\/v2\/media\/229"}],"wp:attachment":[{"href":"https:\/\/kamagra-podgorica.me\/index.php?rest_route=%2Fwp%2Fv2%2Fmedia&parent=230"}],"wp:term":[{"taxonomy":"product_brand","embeddable":true,"href":"https:\/\/kamagra-podgorica.me\/index.php?rest_route=%2Fwp%2Fv2%2Fproduct_brand&post=230"},{"taxonomy":"product_cat","embeddable":true,"href":"https:\/\/kamagra-podgorica.me\/index.php?rest_route=%2Fwp%2Fv2%2Fproduct_cat&post=230"},{"taxonomy":"product_tag","embeddable":true,"href":"https:\/\/kamagra-podgorica.me\/index.php?rest_route=%2Fwp%2Fv2%2Fproduct_tag&post=230"}],"curies":[{"name":"wp","href":"https:\/\/api.w.org\/{rel}","templated":true}]}}