{"id":234,"date":"2025-09-19T01:38:34","date_gmt":"2025-09-19T01:38:34","guid":{"rendered":"https:\/\/kamagra-podgorica.me\/?product=poppers-rush-10ml"},"modified":"2026-05-04T05:59:16","modified_gmt":"2026-05-04T05:59:16","slug":"poppers-rush-10ml","status":"publish","type":"product","link":"https:\/\/kamagra-podgorica.me\/?product=poppers-rush-10ml","title":{"rendered":"Poppers Rush 10 ml \u2013 Poppers za Seksualno Uzbu\u0111enje Podgorica Crna Gora"},"content":{"rendered":"<p><strong style=\"font-weight: bold\">Poppers Rush 10ml Original<\/strong><span class=\"Apple-converted-space\">&nbsp;<\/span>je moc\u0301na i \u010dista aroma, dizajnirana da povec\u0301a va\u0161e zadovoljstvo i intenzivira va\u0161a iskustva. Formulisan sa optimalnom koncentracijom, ovaj popers je omiljeni izbor amatera i poznavalaca koji tra\u017ee jake i dugotrajne senzacije. Poppers pru\u017ea sna\u017ene vibracije koje vam omoguc\u0301avaju da oslobodite svoje blokade i probudite svoje \u017eelje na jednostavan i efikasan na\u010din. Mo\u017ee se koristiti kao impuls va\u0161im \u017eeljama ili kao aktivnost u slobodno vreme za opu\u0161tanje.<\/p>\n<h3 style=\"--theme-font-family: Poppins, Sans-Serif;--theme-font-weight: 700;--theme-font-size: 30px;--theme-line-height: 1.5;margin-top: 0px;margin-bottom: 0px;padding: 0px;border: medium;font-style: normal;font-weight: var(--theme-font-weight);font-size: var(--theme-font-size);line-height: var(--theme-line-height);font-family: var(--theme-font-family);color: var(--theme-heading-color, var(--theme-heading-3-color, var(--theme-headings-color)));letter-spacing: normal;text-transform: none;text-decoration-style;text-decoration-color;text-decoration: none;margin-block-start: var(--theme-content-spacing);max-width: var(--wp--style--global--content-size);margin-left: auto !important;margin-right: auto !important;margin-block-end: calc(var(--has-theme-content-spacing, 1)*(.3em + 10px));width: var(--theme-block-width);text-align: start;text-indent: 0px\">Kako koristiti Poppers Rush?<\/h3>\n<p>Za najbolje iskustvo, otvorite bocu i pustite da se aroma poppersa pro\u0161iri u va\u0161e okru\u017eenje. Trenutni efekat na va\u0161a \u010dula c\u0301e vas uroniti u stanje blagostanja i euforije. Koristite ga \u0161tedljivo za po\u010detak, tako da se mo\u017eete prilagoditi njegovom intenzitetu. Kori\u0161c\u0301enje popersa izgleda jednostavno, ali postoji nekoliko pravila kojih se treba pridr\u017eavati da biste maksimalno iskoristili njegove efekte bez opasnosti.<\/p>\n<h3 style=\"--theme-font-family: Poppins, Sans-Serif;--theme-font-weight: 700;--theme-font-size: 30px;--theme-line-height: 1.5;margin-top: 0px;margin-bottom: 0px;padding: 0px;border: medium;font-style: normal;font-weight: var(--theme-font-weight);font-size: var(--theme-font-size);line-height: var(--theme-line-height);font-family: var(--theme-font-family);color: var(--theme-heading-color, var(--theme-heading-3-color, var(--theme-headings-color)));letter-spacing: normal;text-transform: none;text-decoration-style;text-decoration-color;text-decoration: none;margin-block-start: var(--theme-content-spacing);max-width: var(--wp--style--global--content-size);margin-left: auto !important;margin-right: auto !important;margin-block-end: calc(var(--has-theme-content-spacing, 1)*(.3em + 10px));width: var(--theme-block-width);text-align: start;text-indent: 0px\">Efekti Poppersa<\/h3>\n<p>Brzo delovanje: Efekti se mogu osetiti ve\u0107 15 sekundi nakon inhalacije i traju 3-5 minuta.<br \/>\nPove\u0107ana seksualna \u017eelja: Poppersi pove\u0107avaju seksualnu \u017eelju i po\u017eudu kod oba pola.<br \/>\nOpu\u0161tanje mi\u0161i\u0107a: Opu\u0161ta glatke mi\u0161i\u0107e u celom telu, \u0161to olak\u0161ava seksualne aktivnosti.<\/p>\n<p>Poppers Rush, kao i drugi poppersi, uti\u010de na ose\u0107aj ne\u017enosti tako \u0161to opu\u0161ta glatke mi\u0161i\u0107e u telu, \u0161to uklju\u010duje i vaginalne i analne mi\u0161i\u0107e. Ovo opu\u0161tanje pove\u0107ava senzornu osetljivost i olak\u0161ava seksualne aktivnosti, posebno one koje zahtevaju ve\u0107u fleksibilnost i opu\u0161tenost mi\u0161i\u0107a.<br \/>\nKada se koriste, poppersi izazivaju vazodilataciju, \u0161to rezultira pove\u0107anim protokom krvi u telo i mozak. Ovo mo\u017ee dovesti do intenzivnijih senzornih ose\u0107aja i pove\u0107ane osetljivosti na dodir, \u0161to mo\u017ee pobolj\u0161ati seksualno iskustvo i oja\u010dati ose\u0107aj nje\u017enosti tokom intimnih aktivnosti.<br \/>\nMe\u0111utim, va\u017eno je napomenuti da poppersi ne pove\u0107avaju samo fizi\u010dku osetljivost, ve\u0107 i emocionalnu i psihi\u010dku otvorenost, \u0161to mo\u017ee pomo\u0107i u stvaranju boljeg emocionalnog veza sa partnerom tokom seksualnih aktivnosti.<\/p>\n<p>Diskrecija zagarantovana.<\/p>\n<p>Dostava kurirom \u2013 Cijela Crna Gora: Podgorica, Nik\u0161i\u0107, Cetinje, Danilovgrad, Plu\u017eine, \u0160avnik, \u017dabljak, Pljevlja, Berane, Bijelo Polje, Petnjica, Ro\u017eaje, Plav, Bar, Ulcinj, Petrovac, Budva, Kotor, Tivat, Herceg Novi.<\/p>\n<p><strong style=\"margin: 0px;padding: 0px;border: 0px;font-size: 14px;vertical-align: baseline;background: none;font-weight: 700\">Pozovite ili po\u0161aljite poruku na:<span class=\"Apple-converted-space\">&nbsp;<\/span><a href=\"tel:067%20450%20300\" style=\"margin: 0px;padding: 0px;border: 0px;font-size: 14px;vertical-align: baseline;background: none;text-decoration: none\">067 450 300<\/a><span class=\"Apple-converted-space\">&nbsp;<\/span>\u2013 Viber WhatsApp<\/strong><\/p>\n","protected":false},"excerpt":{"rendered":"<p>Poppers Rush 10ml Original&nbsp;je moc\u0301na i \u010dista aroma, dizajnirana da povec\u0301a va\u0161e zadovoljstvo i intenzivira va\u0161a iskustva. Formulisan sa optimalnom koncentracijom, ovaj popers je omiljeni izbor amatera i poznavalaca koji tra\u017ee jake i dugotrajne senzacije. Poppers pru\u017ea sna\u017ene vibracije koje vam omoguc\u0301avaju da oslobodite svoje blokade i probudite svoje \u017eelje na jednostavan i efikasan na\u010din. [&hellip;]<\/p>\n","protected":false},"featured_media":233,"comment_status":"open","ping_status":"closed","template":"","meta":{"_et_pb_use_builder":"","_et_pb_old_content":"","_et_gb_content_width":""},"product_brand":[],"product_cat":[341,313,499,484,324,493,305,432,433,509,496,485,430,431,486,458,460,457,459,456,507,461,464,465,462,463,503,478,494,342,363,364,366,365,310],"product_tag":[59,54,55,62,48,49,588,589,63,47,56,61,58,53,50,57,51,64,60,52],"class_list":{"0":"post-234","1":"product","2":"type-product","3":"status-publish","4":"has-post-thumbnail","6":"product_cat-afrodizijak","7":"product_cat-diskretna-dostava-podgorica","8":"product_cat-diskretna-dostava-poppers","9":"product_cat-diskretna-kupovina","10":"product_cat-najbolji-preparati-za-potenciju-podgorica","11":"product_cat-originalni-poppers-online","12":"product_cat-poppers-amil-nitrit","13":"product_cat-poppers-crna-gora","14":"product_cat-poppers-crna-gora-dostava","15":"product_cat-poppers-dostava-crna-gora","16":"product_cat-poppers-dostava-podgorica","17":"product_cat-poppers-iskustva","18":"product_cat-poppers-podgorica","19":"product_cat-poppers-podgorica-dostava","20":"product_cat-poppers-prodaja","21":"product_cat-potencija-crna-gora","22":"product_cat-potencija-crna-gora-dostava","23":"product_cat-potencija-podgorica","24":"product_cat-potencija-podgorica-dostava","25":"product_cat-potenicija-podgorica-preparati","26":"product_cat-potencija-preparati-crna-gora","27":"product_cat-preparati-za-potenciju","28":"product_cat-preparati-za-potenciju-crna-gora","29":"product_cat-preparati-za-potenciju-crna-gora-dostava","30":"product_cat-preparati-za-potenciju-podgorica","31":"product_cat-preparati-za-potenciju-podgorica-dostava","32":"product_cat-preparati-za-zene","33":"product_cat-preparati-za-zensku-potenciju-podgorica","34":"product_cat-za-musku-potenciju","35":"product_cat-za-musku-potenciju-podgorica","36":"product_cat-za-zene","37":"product_cat-za-zensku-potenciju","38":"product_cat-za-zensku-potenciju-crna-gora","39":"product_cat-za-zensku-potenciju-podgorica","40":"product_cat-zadovoljstvo-za-dame","41":"product_tag-bar","42":"product_tag-berane","43":"product_tag-bijelo-polje","44":"product_tag-budva","45":"product_tag-cetinje","46":"product_tag-danilovgrad","47":"product_tag-dostava-kurirom-cijela-crna-gora-podgorica","48":"product_tag-herceg-novi-2","49":"product_tag-kotor","50":"product_tag-niksic","51":"product_tag-petnjica","52":"product_tag-petrovac","53":"product_tag-plav","54":"product_tag-pljevlja","55":"product_tag-pluzine","56":"product_tag-rozaje","57":"product_tag-savnik","58":"product_tag-tivat","59":"product_tag-ulcinj","60":"product_tag-zabljak","62":"first","63":"instock","64":"shipping-taxable","65":"purchasable","66":"product-type-simple"},"_links":{"self":[{"href":"https:\/\/kamagra-podgorica.me\/index.php?rest_route=\/wp\/v2\/product\/234","targetHints":{"allow":["GET"]}}],"collection":[{"href":"https:\/\/kamagra-podgorica.me\/index.php?rest_route=\/wp\/v2\/product"}],"about":[{"href":"https:\/\/kamagra-podgorica.me\/index.php?rest_route=\/wp\/v2\/types\/product"}],"replies":[{"embeddable":true,"href":"https:\/\/kamagra-podgorica.me\/index.php?rest_route=%2Fwp%2Fv2%2Fcomments&post=234"}],"wp:featuredmedia":[{"embeddable":true,"href":"https:\/\/kamagra-podgorica.me\/index.php?rest_route=\/wp\/v2\/media\/233"}],"wp:attachment":[{"href":"https:\/\/kamagra-podgorica.me\/index.php?rest_route=%2Fwp%2Fv2%2Fmedia&parent=234"}],"wp:term":[{"taxonomy":"product_brand","embeddable":true,"href":"https:\/\/kamagra-podgorica.me\/index.php?rest_route=%2Fwp%2Fv2%2Fproduct_brand&post=234"},{"taxonomy":"product_cat","embeddable":true,"href":"https:\/\/kamagra-podgorica.me\/index.php?rest_route=%2Fwp%2Fv2%2Fproduct_cat&post=234"},{"taxonomy":"product_tag","embeddable":true,"href":"https:\/\/kamagra-podgorica.me\/index.php?rest_route=%2Fwp%2Fv2%2Fproduct_tag&post=234"}],"curies":[{"name":"wp","href":"https:\/\/api.w.org\/{rel}","templated":true}]}}