{"id":244,"date":"2025-09-26T07:42:47","date_gmt":"2025-09-26T07:42:47","guid":{"rendered":"https:\/\/kamagra-podgorica.me\/?product=titan-gel-50ml"},"modified":"2026-05-04T05:59:06","modified_gmt":"2026-05-04T05:59:06","slug":"titan-gel-50ml","status":"publish","type":"product","link":"https:\/\/kamagra-podgorica.me\/?product=titan-gel-50ml","title":{"rendered":"TITAN GEL Gold 50ml \u2013 Gel za Pove\u0107anje Obima, Du\u017eine i Potencije Podgorica Crna Gora"},"content":{"rendered":"<p>TITAN GEL<\/p>\n<p>Titan Gel je prirodni gel koji poma\u017ee mu\u0161karcima da oja\u010daju potenciju, pobolj\u0161aju erekciju i pove\u0107aju zadovoljstvo u seksualnom odnosu. U pitanju je preparat poznat \u0161irom svijeta po svojoj efikasnosti i sigurnosti, napravljen od pa\u017eljivo odabranih biljnih sastojaka.<\/p>\n<p>DJELOVANJE<\/p>\n<p>Redovnom upotrebom Titan Gela pobolj\u0161ava se protok krvi u intimnom podru\u010dju, \u0161to dovodi do ja\u010de, du\u017ee i stabilnije erekcije. Aktivni sastojci stimuli\u0161u lu\u010denje testosterona, \u010dime se pove\u0107ava izdr\u017eljivost i \u017eelja za odnosom. Korisnici \u010desto navode i osje\u0107aj ve\u0107eg obima i du\u017eine tokom primjene.<\/p>\n<p>NA\u010cIN UPOTREBE<\/p>\n<p>Nanijeti malu koli\u010dinu gela na \u010distu ko\u017eu penisa i lagano umasirati 10\u201315 minuta prije odnosa. Preporu\u010duje se svakodnevna upotreba radi najboljeg efekta. Ne ostavlja masne tragove i brzo se upija.<\/p>\n<p>PREDNOSTI<\/p>\n<p>\u2022\tPrirodna formula bez nuspojava<\/p>\n<p>\u2022\tJa\u010da i dugotrajnija erekcija<\/p>\n<p>\u2022\tVe\u0107a kontrola i izdr\u017eljivost<\/p>\n<p>\u2022\tMogu\u0107e pove\u0107anje obima i du\u017eine<\/p>\n<p>\u2022\tDiskretna i jednostavna primjena<\/p>\n<p>DISKRETNA DOSTAVA U CRNOJ GORI<\/p>\n<p>Kupovinom Titan Gela kod pouzdanog lokalnog prodavca dobijate originalan proizvod uz brzu i diskretnu dostavu na teritoriji Podgorice i cijele Crne Gore. Pakovanje je neupadljivo, a narud\u017eba potpuno povjerljiva.<\/p>\n<p><strong style=\"margin: 0px;padding: 0px;border: 0px;font-size: 14px;vertical-align: baseline;background: none;font-weight: 700\">Diskrecija zagarantovana.<\/strong><\/p>\n<p>Dostava kurirom \u2013 Cijela Crna Gora: Podgorica, Nik\u0161i\u0107, Cetinje, Danilovgrad, Plu\u017eine, \u0160avnik, \u017dabljak, Pljevlja, Berane, Bijelo Polje, Petnjica, Ro\u017eaje, Plav, Bar, Ulcinj, Petrovac, Budva, Kotor, Tivat, Herceg Novi.<\/p>\n<p><strong style=\"margin: 0px;padding: 0px;border: 0px;font-size: 14px;vertical-align: baseline;background: none;font-weight: 700\">Pozovite ili po\u0161aljite poruku na:<span class=\"Apple-converted-space\">&nbsp;<\/span><a href=\"tel:067%20450%20300\" style=\"margin: 0px;padding: 0px;border: 0px;font-size: 14px;vertical-align: baseline;background: none;text-decoration: none\">067 450 300<\/a><span class=\"Apple-converted-space\">&nbsp;<\/span>\u2013 Viber WhatsApp<\/strong><\/p>\n","protected":false},"excerpt":{"rendered":"<p>TITAN GEL Titan Gel je prirodni gel koji poma\u017ee mu\u0161karcima da oja\u010daju potenciju, pobolj\u0161aju erekciju i pove\u0107aju zadovoljstvo u seksualnom odnosu. U pitanju je preparat poznat \u0161irom svijeta po svojoj efikasnosti i sigurnosti, napravljen od pa\u017eljivo odabranih biljnih sastojaka. DJELOVANJE Redovnom upotrebom Titan Gela pobolj\u0161ava se protok krvi u intimnom podru\u010dju, \u0161to dovodi do ja\u010de, [&hellip;]<\/p>\n","protected":false},"featured_media":243,"comment_status":"open","ping_status":"closed","template":"","meta":{"_et_pb_use_builder":"","_et_pb_old_content":"","_et_gb_content_width":""},"product_brand":[],"product_cat":[313,484,324,458,460,457,459,456,507,461,464,465,462,463,165,530,491,427,428,543,544,517,516,425,426,429,307,494,342,488],"product_tag":[59,54,55,62,48,49,588,589,63,47,56,61,58,53,50,57,51,64,60,52],"class_list":{"0":"post-244","1":"product","2":"type-product","3":"status-publish","4":"has-post-thumbnail","6":"product_cat-diskretna-dostava-podgorica","7":"product_cat-diskretna-kupovina","8":"product_cat-najbolji-preparati-za-potenciju-podgorica","9":"product_cat-potencija-crna-gora","10":"product_cat-potencija-crna-gora-dostava","11":"product_cat-potencija-podgorica","12":"product_cat-potencija-podgorica-dostava","13":"product_cat-potenicija-podgorica-preparati","14":"product_cat-potencija-preparati-crna-gora","15":"product_cat-preparati-za-potenciju","16":"product_cat-preparati-za-potenciju-crna-gora","17":"product_cat-preparati-za-potenciju-crna-gora-dostava","18":"product_cat-preparati-za-potenciju-podgorica","19":"product_cat-preparati-za-potenciju-podgorica-dostava","20":"product_cat-prirodni-preparati-za-potenciju","21":"product_cat-specijalizovani-preparati-za-produzen-i-kvalitetan-seksualni-ucinak-podgorica","22":"product_cat-titan-gel","23":"product_cat-titan-gel-crna-gora","24":"product_cat-titan-gel-crna-gora-dostava","25":"product_cat-titan-gel-dostava-crna-gora","26":"product_cat-titan-gel-dostava-podgorica","27":"product_cat-titan-gel-gold","28":"product_cat-titan-gel-original","29":"product_cat-titan-gel-podgorica","30":"product_cat-titan-gel-podgorica-dostava","31":"product_cat-titan-gel-za-povecanje","32":"product_cat-titan-gel-za-povecanje-penisa-2","33":"product_cat-za-musku-potenciju","34":"product_cat-za-musku-potenciju-podgorica","35":"product_cat-za-povecanje","36":"product_tag-bar","37":"product_tag-berane","38":"product_tag-bijelo-polje","39":"product_tag-budva","40":"product_tag-cetinje","41":"product_tag-danilovgrad","42":"product_tag-dostava-kurirom-cijela-crna-gora-podgorica","43":"product_tag-herceg-novi-2","44":"product_tag-kotor","45":"product_tag-niksic","46":"product_tag-petnjica","47":"product_tag-petrovac","48":"product_tag-plav","49":"product_tag-pljevlja","50":"product_tag-pluzine","51":"product_tag-rozaje","52":"product_tag-savnik","53":"product_tag-tivat","54":"product_tag-ulcinj","55":"product_tag-zabljak","57":"first","58":"instock","59":"sale","60":"shipping-taxable","61":"purchasable","62":"product-type-simple"},"_links":{"self":[{"href":"https:\/\/kamagra-podgorica.me\/index.php?rest_route=\/wp\/v2\/product\/244","targetHints":{"allow":["GET"]}}],"collection":[{"href":"https:\/\/kamagra-podgorica.me\/index.php?rest_route=\/wp\/v2\/product"}],"about":[{"href":"https:\/\/kamagra-podgorica.me\/index.php?rest_route=\/wp\/v2\/types\/product"}],"replies":[{"embeddable":true,"href":"https:\/\/kamagra-podgorica.me\/index.php?rest_route=%2Fwp%2Fv2%2Fcomments&post=244"}],"wp:featuredmedia":[{"embeddable":true,"href":"https:\/\/kamagra-podgorica.me\/index.php?rest_route=\/wp\/v2\/media\/243"}],"wp:attachment":[{"href":"https:\/\/kamagra-podgorica.me\/index.php?rest_route=%2Fwp%2Fv2%2Fmedia&parent=244"}],"wp:term":[{"taxonomy":"product_brand","embeddable":true,"href":"https:\/\/kamagra-podgorica.me\/index.php?rest_route=%2Fwp%2Fv2%2Fproduct_brand&post=244"},{"taxonomy":"product_cat","embeddable":true,"href":"https:\/\/kamagra-podgorica.me\/index.php?rest_route=%2Fwp%2Fv2%2Fproduct_cat&post=244"},{"taxonomy":"product_tag","embeddable":true,"href":"https:\/\/kamagra-podgorica.me\/index.php?rest_route=%2Fwp%2Fv2%2Fproduct_tag&post=244"}],"curies":[{"name":"wp","href":"https:\/\/api.w.org\/{rel}","templated":true}]}}