{"id":278,"date":"2025-10-10T07:05:02","date_gmt":"2025-10-10T07:05:02","guid":{"rendered":"https:\/\/kamagra-podgorica.me\/?product=kamagra-gel-za-potenciju-vol-3"},"modified":"2026-05-03T08:47:06","modified_gmt":"2026-05-03T08:47:06","slug":"kamagra-gel-za-potenciju-vol-3","status":"publish","type":"product","link":"https:\/\/kamagra-podgorica.me\/?product=kamagra-gel-za-potenciju-vol-3","title":{"rendered":"Kamagra Gel 100mg Vol.3 \u2013 Oral Jelly 7 Prirodnih Ukusa za Potenciju Podgorica Crna Gora"},"content":{"rendered":"<p>Kamagra Gel Vol 3 &#8211; Ukusi za Prirodni U\u017eitak<\/p>\n<p>Kamagra Gel Vol 3 dolazi sa 7 intenzivnih ukusa koji prikrivaju gorak ukus lijeka: jagoda, ananas, \u0161umsko vo\u0107e, limun, narand\u017ea, zeleni \u010daj i mojito. Ovaj preparat je namijenjen mu\u0161karcima koji \u017eele prirodno i brzo rje\u0161enje za potenciju. Sa 100 mg sildenafil citrata u svakoj kesici, pru\u017ea brzo i dugotrajno djelovanje, koje traje do 6-8 sati. Gel se lako koristi i savr\u0161en je za diskretnu primjenu bez potrebe za vodom.<\/p>\n<p>Prednosti:<\/p>\n<p>\u2022\tPrirodni ukusi za ugodno iskustvo<\/p>\n<p>\u2022\tBrzo djelovanje sa dugotrajnim efektom<\/p>\n<p>\u2022\tEfikasno poma\u017ee u prevazila\u017eenju impotencije i problema sa preranim vrhuncem<\/p>\n<p>\u2022\tDiskretna i laka primjena oralnog gela<\/p>\n<p style=\"margin: 0px;padding: 0px 0px 1em;border: 0px;font-size: 14px;vertical-align: baseline;background: none;font-family\">Kamagra Gel 100mg \u2013 Najbolji lijek za potenciju u Podgorici i Crnoj Gori<\/p>\n<p style=\"margin: 0px;padding: 0px 0px 1em;border: 0px;font-size: 14px;vertical-align: baseline;background: none;font-family\">Kamagra Gel 100mg je mo\u0107an i pouzdan lijek za potenciju iz grupe PDE5 inhibitora, posebno dizajniran za brzu i efikasnu pomo\u0107 kod erektilne disfunkcije. Ovaj gel se uzima oralno, a aktivni sastojak sildenafil citrat se brzo upija kroz oralnu sluzoko\u017eu, \u0161to omogu\u0107ava dejstvo ve\u0107 nakon 15 do 30 minuta.<\/p>\n<p style=\"margin: 0px;padding: 0px 0px 1em;border: 0px;font-size: 14px;vertical-align: baseline;background: none;font-family\">Za razliku od klasi\u010dnih tableta, Kamagra Gel je lak\u0161a i ugodnija forma za kori\u0161\u0107enje, sa brzo djeluju\u0107im efektom i dugotrajnim trajanjem \u2013 do 6 sati. Idealna je za mu\u0161karce koji \u017eele diskretnu, sigurnu i efikasnu podr\u0161ku za seksualne potrebe.<\/p>\n<p style=\"margin: 0px;padding: 0px 0px 1em;border: 0px;font-size: 14px;vertical-align: baseline;background: none;font-family\">Klju\u010dne prednosti Kamagra Gela:<\/p>\n<p style=\"margin: 0px;padding: 0px 0px 1em;border: 0px;font-size: 14px;vertical-align: baseline;background: none;font-family\">\u2022 Brzi po\u010detak djelovanja ve\u0107 za pola sata<\/p>\n<p style=\"margin: 0px;padding: 0px 0px 1em;border: 0px;font-size: 14px;vertical-align: baseline;background: none;font-family\">\u2022 Efekat koji traje do 6 sati uz mogu\u0107nost vi\u0161estrukih erekcija<\/p>\n<p style=\"margin: 0px;padding: 0px 0px 1em;border: 0px;font-size: 14px;vertical-align: baseline;background: none;font-family\">\u2022 Jednostavna upotreba u obliku gela, lak\u0161a od tableta<\/p>\n<p style=\"margin: 0px;padding: 0px 0px 1em;border: 0px;font-size: 14px;vertical-align: baseline;background: none;font-family\">\u2022 Diskretno pakovanje \u2013 sigurnost i privatnost zagarantovani<\/p>\n<p style=\"margin: 0px;padding: 0px 0px 1em;border: 0px;font-size: 14px;vertical-align: baseline;background: none;font-family\">\u2022 Pakovanje sadr\u017ei 7 vre\u0107ica gela, idealno za redovnu upotrebu<\/p>\n<p style=\"margin: 0px;padding: 0px 0px 1em;border: 0px;font-size: 14px;vertical-align: baseline;background: none;font-family\">Va\u017ene informacije i savjeti:<\/p>\n<p style=\"margin: 0px;padding: 0px 0px 1em;border: 0px;font-size: 14px;vertical-align: baseline;background: none;font-family\">Kod kori\u0161\u0107enja Kamagra Gela, va\u017eno je izbjegavati kombinaciju sa alkoholom, nitratnim lijekovima ili drugim supstancama koje mogu negativno uticati na njegovo djelovanje. Preporu\u010dujemo da se konzultujete sa ljekarom prije upotrebe, posebno ako imate hroni\u010dne bolesti ili uzimate druge ljekove.<\/p>\n<p style=\"margin: 0px;padding: 0px 0px 1em;border: 0px;font-size: 14px;vertical-align: baseline;background: none;font-family\">Diskrecija zagarantovana.<\/p>\n<p style=\"margin: 0px;padding: 0px 0px 1em;border: 0px;font-size: 14px;vertical-align: baseline;background: none;font-family\">Dostava kurirom \u2013 Cijela Crna Gora: Podgorica, Nik\u0161i\u0107, Cetinje, Danilovgrad, Plu\u017eine, \u0160avnik, \u017dabljak, Pljevlja, Berane, Bijelo Polje, Petnjica, Ro\u017eaje, Plav, Bar, Ulcinj, Petrovac, Budva, Kotor, Tivat, Herceg Novi.<\/p>\n<p style=\"margin: 0px;padding: 0px;border: 0px;font-size: 14px;vertical-align: baseline;background: none;font-family\"><strong style=\"margin: 0px;padding: 0px;border: 0px;font-size: 14px;vertical-align: baseline;background: none;font-weight: 700\">Pozovite ili po\u0161aljite poruku na:<span class=\"Apple-converted-space\">&nbsp;<\/span><a href=\"tel:067%20450%20300\" style=\"margin: 0px;padding: 0px;border: 0px;font-size: 14px;vertical-align: baseline;background: none;text-decoration: none\">067 450 300<\/a><span class=\"Apple-converted-space\">&nbsp;<\/span>\u2013 Viber WhatsApp<\/strong><\/p>\n","protected":false},"excerpt":{"rendered":"<p>Kamagra Gel Vol 3 &#8211; Ukusi za Prirodni U\u017eitak Kamagra Gel Vol 3 dolazi sa 7 intenzivnih ukusa koji prikrivaju gorak ukus lijeka: jagoda, ananas, \u0161umsko vo\u0107e, limun, narand\u017ea, zeleni \u010daj i mojito. Ovaj preparat je namijenjen mu\u0161karcima koji \u017eele prirodno i brzo rje\u0161enje za potenciju. Sa 100 mg sildenafil citrata u svakoj kesici, pru\u017ea [&hellip;]<\/p>\n","protected":false},"featured_media":277,"comment_status":"open","ping_status":"closed","template":"","meta":{"_et_pb_use_builder":"","_et_pb_old_content":"","_et_gb_content_width":""},"product_brand":[17],"product_cat":[317,520,313,312,484,481,451,562,323,319,292,519,523,454,448,475,438,518,449,446,315,314,443,350,353,356,357,354,355,436,445,435,472,434,447,476,561,318,439,442,577,566,565,564,473,316,324,474,458,460,457,459,456,507,461,464,465,462,463,440,348,494,342,311],"product_tag":[59,54,55,62,48,49,588,589,63,47,56,61,58,53,50,57,51,64,60,52],"class_list":{"0":"post-278","1":"product","2":"type-product","3":"status-publish","4":"has-post-thumbnail","6":"product_brand-kamagra","7":"product_cat-diskretna-dostava-kamagra-gela-crna-gora","8":"product_cat-diskretna-dostava-kamagra-podgorica","9":"product_cat-diskretna-dostava-podgorica","10":"product_cat-diskretna-i-brza-dostava-kamagra-gela-podgorica","11":"product_cat-diskretna-kupovina","12":"product_cat-dostava-kamagra-crna-gora","13":"product_cat-gel-kamagra-podgorica","14":"product_cat-kamagra-bez-recepta-crna-gora-online","15":"product_cat-kamagra-bomboni-crna-gora","16":"product_cat-kamagra-crna-gora","17":"product_cat-kamagra-gel","18":"product_cat-kamagra-gel-crna-gora","19":"product_cat-kamagra-gel-crna-gora-dostava","20":"product_cat-kamagra-gel-dostava-crna-gora","21":"product_cat-kamagra-gel-dostava-podgorica","22":"product_cat-kamagra-gel-original-crna-gora","23":"product_cat-kamagra-gel-original-podgorica","24":"product_cat-kamagra-gel-podgorica","25":"product_cat-kamagra-gel-podgorica-dostava","26":"product_cat-kamagra-gel-podgorica-najsigurnija-kupovina","27":"product_cat-kamagra-gel-prodaja-crna-gora","28":"product_cat-kamagra-gel-prodaja-podgorica","29":"product_cat-kamagra-gel-sigurna-kupovina-podgorica","30":"product_cat-kamagra-gel-vol-2-podgorica-dostava","31":"product_cat-kamagra-gel-vol-3","32":"product_cat-kamagra-gel-vol-3-crna-gora","33":"product_cat-kamagra-gel-vol-3-crna-gora-dostava","34":"product_cat-kamagra-gel-vol-3-podgorica","35":"product_cat-kamagra-gel-vol-3-podgorica-dostava","36":"product_cat-kamagra-gel-za-potenciju","37":"product_cat-kamagra-online-kupovina-crna-gora","38":"product_cat-kamagra-oral-jelly-crna-gora","39":"product_cat-kamagra-oral-jelly-crna-gora-diskretna-dostava","40":"product_cat-kamagra-oral-jelly-podgorica","41":"product_cat-kamagra-oral-jelly-podgorica-diskretna-dostava","42":"product_cat-kamagra-oral-jelly-podgorica-dostava","43":"product_cat-kamagra-oral-jelly-za-brzu-pomoc-crna-gora","44":"product_cat-kamagra-podgorica","45":"product_cat-kamagra-podgorica-prodaja-original","46":"product_cat-kamagra-sigurna-kupovina-podgorica","47":"product_cat-kamagrapodgoricaprodaja","48":"product_cat-kupi-originalni-kamagra-gel-sa-brzom-dostavom-podgorica","49":"product_cat-kupiti-kamagru-u-crnoj-gori","50":"product_cat-najbolja-kamagra-za-erektilnu-disfunkciju-podgorica","51":"product_cat-najbolji-kamagra-gel-crna-gora","52":"product_cat-najbolji-kamagra-gel-podgorica","53":"product_cat-najbolji-preparati-za-potenciju-podgorica","54":"product_cat-originalni-sildenafil-podgorica","55":"product_cat-potencija-crna-gora","56":"product_cat-potencija-crna-gora-dostava","57":"product_cat-potencija-podgorica","58":"product_cat-potencija-podgorica-dostava","59":"product_cat-potenicija-podgorica-preparati","60":"product_cat-potencija-preparati-crna-gora","61":"product_cat-preparati-za-potenciju","62":"product_cat-preparati-za-potenciju-crna-gora","63":"product_cat-preparati-za-potenciju-crna-gora-dostava","64":"product_cat-preparati-za-potenciju-podgorica","65":"product_cat-preparati-za-potenciju-podgorica-dostava","66":"product_cat-sigurna-kupovina-kamagre","67":"product_cat-sildenafil","68":"product_cat-za-musku-potenciju","69":"product_cat-za-musku-potenciju-podgorica","70":"product_cat-kamagra","71":"product_tag-bar","72":"product_tag-berane","73":"product_tag-bijelo-polje","74":"product_tag-budva","75":"product_tag-cetinje","76":"product_tag-danilovgrad","77":"product_tag-dostava-kurirom-cijela-crna-gora-podgorica","78":"product_tag-herceg-novi-2","79":"product_tag-kotor","80":"product_tag-niksic","81":"product_tag-petnjica","82":"product_tag-petrovac","83":"product_tag-plav","84":"product_tag-pljevlja","85":"product_tag-pluzine","86":"product_tag-rozaje","87":"product_tag-savnik","88":"product_tag-tivat","89":"product_tag-ulcinj","90":"product_tag-zabljak","92":"first","93":"instock","94":"shipping-taxable","95":"purchasable","96":"product-type-simple"},"_links":{"self":[{"href":"https:\/\/kamagra-podgorica.me\/index.php?rest_route=\/wp\/v2\/product\/278","targetHints":{"allow":["GET"]}}],"collection":[{"href":"https:\/\/kamagra-podgorica.me\/index.php?rest_route=\/wp\/v2\/product"}],"about":[{"href":"https:\/\/kamagra-podgorica.me\/index.php?rest_route=\/wp\/v2\/types\/product"}],"replies":[{"embeddable":true,"href":"https:\/\/kamagra-podgorica.me\/index.php?rest_route=%2Fwp%2Fv2%2Fcomments&post=278"}],"wp:featuredmedia":[{"embeddable":true,"href":"https:\/\/kamagra-podgorica.me\/index.php?rest_route=\/wp\/v2\/media\/277"}],"wp:attachment":[{"href":"https:\/\/kamagra-podgorica.me\/index.php?rest_route=%2Fwp%2Fv2%2Fmedia&parent=278"}],"wp:term":[{"taxonomy":"product_brand","embeddable":true,"href":"https:\/\/kamagra-podgorica.me\/index.php?rest_route=%2Fwp%2Fv2%2Fproduct_brand&post=278"},{"taxonomy":"product_cat","embeddable":true,"href":"https:\/\/kamagra-podgorica.me\/index.php?rest_route=%2Fwp%2Fv2%2Fproduct_cat&post=278"},{"taxonomy":"product_tag","embeddable":true,"href":"https:\/\/kamagra-podgorica.me\/index.php?rest_route=%2Fwp%2Fv2%2Fproduct_tag&post=278"}],"curies":[{"name":"wp","href":"https:\/\/api.w.org\/{rel}","templated":true}]}}