{"id":304,"date":"2025-10-16T22:17:50","date_gmt":"2025-10-16T22:17:50","guid":{"rendered":"https:\/\/kamagra-podgorica.me\/?product=proizvod"},"modified":"2026-05-02T20:14:29","modified_gmt":"2026-05-02T20:14:29","slug":"proizvod","status":"publish","type":"product","link":"https:\/\/kamagra-podgorica.me\/?product=proizvod","title":{"rendered":"Tadalafil Tablete 20mg \u2013 Dugotrajne Tablete za Potenciju Podgorica Crna Gora (do 36 Sati)"},"content":{"rendered":"<p>Tadalafil 20 mg \u2013 pouzdano rje\u0161enje za erektilnu disfunkciju u Podgorici<\/p>\n<p>Tadalafil 20 mg je provjereni lijek za mu\u0161karce koji se suo\u010davaju sa problemima erekcije. Ove filmom oblo\u017eene tablete sadr\u017ee 20 mg aktivnog sastojka tadalafila , koji efikasno poma\u017ee kod postizanja i odr\u017eavanja kvalitetne erekcije. Tadalafil djeluje opu\u0161taju\u0107i krvne sudove penisa, omogu\u0107avaju\u0107i bolji protok krvi i uspje\u0161nu seksualnu aktivnost.<\/p>\n<p>Ovaj lijek se uzima oralno, najmanje 30 minuta prije planirane intime, a njegova efikasnost traje do 36 sati. Zahvaljuju\u0107i dugotrajnom djelovanju, pru\u017ea vam slobodu da planirate svoj odnos bez stresa i \u017eurbe.<\/p>\n<p>Na\u0161 tadalafil 20 mg mo\u017eete naru\u010diti lako i brzo preko sajta kamagra-podgorica.me , sa diskretnom i sigurnom dostavom u Podgorici i \u0161ire. Pratite uputstva za upotrebu i ne prekora\u010dujte preporu\u010denu dozu \u2013 jedna tableta dnevno je dovoljna.<\/p>\n<p>Pored djelotvornosti, tadalafil je siguran za ve\u0107inu mu\u0161karaca, ali ukoliko koristite lijekove za sni\u017eenje krvnog pritiska ili imate sr\u010dane probleme, konsultujte se sa ljekarom prije upotrebe.<\/p>\n<p>Kupovina tadalafil 20 mg kod nas garantuje kvalitetnu robu i najpovoljnije cijene na tr\u017ei\u0161tu Crne Gore. Osigurajte sebi pouzdanost i samopouzdanje u spava\u0107oj sobi \u2013 naru\u010dite tadalafil ve\u0107 danas!<\/p>\n<p><strong style=\"margin: 0px;padding: 0px;border: 0px;font-size: 14px;vertical-align: baseline;background: none;font-weight: 700\">Diskrecija zagarantovana.<\/strong><\/p>\n<p>Dostava kurirom \u2013 Cijela Crna Gora: Podgorica, Nik\u0161i\u0107, Cetinje, Danilovgrad, Plu\u017eine, \u0160avnik, \u017dabljak, Pljevlja, Berane, Bijelo Polje, Petnjica, Ro\u017eaje, Plav, Bar, Ulcinj, Petrovac, Budva, Kotor, Tivat, Herceg Novi.<\/p>\n<p><strong style=\"margin: 0px;padding: 0px;border: 0px;font-size: 14px;vertical-align: baseline;background: none;font-weight: 700\">Pozovite ili po\u0161aljite poruku na:<span class=\"Apple-converted-space\">&nbsp;<\/span><a href=\"tel:067%20450%20300\" style=\"margin: 0px;padding: 0px;border: 0px;font-size: 14px;vertical-align: baseline;background: none;text-decoration: none\">067 450 300<\/a><span class=\"Apple-converted-space\">&nbsp;<\/span>\u2013 Viber WhatsApp<\/strong><\/p>\n","protected":false},"excerpt":{"rendered":"<p>Tadalafil 20 mg \u2013 pouzdano rje\u0161enje za erektilnu disfunkciju u Podgorici Tadalafil 20 mg je provjereni lijek za mu\u0161karce koji se suo\u010davaju sa problemima erekcije. Ove filmom oblo\u017eene tablete sadr\u017ee 20 mg aktivnog sastojka tadalafila , koji efikasno poma\u017ee kod postizanja i odr\u017eavanja kvalitetne erekcije. Tadalafil djeluje opu\u0161taju\u0107i krvne sudove penisa, omogu\u0107avaju\u0107i bolji protok krvi [&hellip;]<\/p>\n","protected":false},"featured_media":303,"comment_status":"open","ping_status":"closed","template":"","meta":{"_et_pb_use_builder":"","_et_pb_old_content":"","_et_gb_content_width":""},"product_brand":[],"product_cat":[324,458,460,457,459,456,507,461,464,465,462,463,497,510,383,308,494,342],"product_tag":[59,54,55,62,48,49,588,589,63,47,56,61,58,53,50,57,51,64,60,52],"class_list":{"0":"post-304","1":"product","2":"type-product","3":"status-publish","4":"has-post-thumbnail","6":"product_cat-najbolji-preparati-za-potenciju-podgorica","7":"product_cat-potencija-crna-gora","8":"product_cat-potencija-crna-gora-dostava","9":"product_cat-potencija-podgorica","10":"product_cat-potencija-podgorica-dostava","11":"product_cat-potenicija-podgorica-preparati","12":"product_cat-potencija-preparati-crna-gora","13":"product_cat-preparati-za-potenciju","14":"product_cat-preparati-za-potenciju-crna-gora","15":"product_cat-preparati-za-potenciju-crna-gora-dostava","16":"product_cat-preparati-za-potenciju-podgorica","17":"product_cat-preparati-za-potenciju-podgorica-dostava","18":"product_cat-tablete","19":"product_cat-tablete-za-potenciju-podgorica","20":"product_cat-tadalafil","21":"product_cat-tadalafil-tablete-36h-dejstvo","22":"product_cat-za-musku-potenciju","23":"product_cat-za-musku-potenciju-podgorica","24":"product_tag-bar","25":"product_tag-berane","26":"product_tag-bijelo-polje","27":"product_tag-budva","28":"product_tag-cetinje","29":"product_tag-danilovgrad","30":"product_tag-dostava-kurirom-cijela-crna-gora-podgorica","31":"product_tag-herceg-novi-2","32":"product_tag-kotor","33":"product_tag-niksic","34":"product_tag-petnjica","35":"product_tag-petrovac","36":"product_tag-plav","37":"product_tag-pljevlja","38":"product_tag-pluzine","39":"product_tag-rozaje","40":"product_tag-savnik","41":"product_tag-tivat","42":"product_tag-ulcinj","43":"product_tag-zabljak","45":"first","46":"instock","47":"shipping-taxable","48":"purchasable","49":"product-type-simple"},"_links":{"self":[{"href":"https:\/\/kamagra-podgorica.me\/index.php?rest_route=\/wp\/v2\/product\/304","targetHints":{"allow":["GET"]}}],"collection":[{"href":"https:\/\/kamagra-podgorica.me\/index.php?rest_route=\/wp\/v2\/product"}],"about":[{"href":"https:\/\/kamagra-podgorica.me\/index.php?rest_route=\/wp\/v2\/types\/product"}],"replies":[{"embeddable":true,"href":"https:\/\/kamagra-podgorica.me\/index.php?rest_route=%2Fwp%2Fv2%2Fcomments&post=304"}],"wp:featuredmedia":[{"embeddable":true,"href":"https:\/\/kamagra-podgorica.me\/index.php?rest_route=\/wp\/v2\/media\/303"}],"wp:attachment":[{"href":"https:\/\/kamagra-podgorica.me\/index.php?rest_route=%2Fwp%2Fv2%2Fmedia&parent=304"}],"wp:term":[{"taxonomy":"product_brand","embeddable":true,"href":"https:\/\/kamagra-podgorica.me\/index.php?rest_route=%2Fwp%2Fv2%2Fproduct_brand&post=304"},{"taxonomy":"product_cat","embeddable":true,"href":"https:\/\/kamagra-podgorica.me\/index.php?rest_route=%2Fwp%2Fv2%2Fproduct_cat&post=304"},{"taxonomy":"product_tag","embeddable":true,"href":"https:\/\/kamagra-podgorica.me\/index.php?rest_route=%2Fwp%2Fv2%2Fproduct_tag&post=304"}],"curies":[{"name":"wp","href":"https:\/\/api.w.org\/{rel}","templated":true}]}}