{"id":306,"date":"2025-10-16T22:25:09","date_gmt":"2025-10-16T22:25:09","guid":{"rendered":"https:\/\/kamagra-podgorica.me\/?product=100-mg"},"modified":"2026-05-03T08:47:12","modified_gmt":"2026-05-03T08:47:12","slug":"100-mg","status":"publish","type":"product","link":"https:\/\/kamagra-podgorica.me\/?product=100-mg","title":{"rendered":"Sildenafil Tablete 100mg \u2013 Originalne Tablete za Potenciju Podgorica Crna Gora (4 komada)"},"content":{"rendered":"<p>Sildenafil 100 mg<\/p>\n<p>Sildenafil 100 mg je lijek koji poma\u017ee mu\u0161karcima da prevazi\u0111u erektilnu disfunkciju, stanje koje onemogu\u0107ava postizanje ili odr\u017eavanje erekcije potrebne za uspje\u0161nu seksualnu aktivnost. Aktivni sastojak, sildenafil, djeluje tako \u0161to opu\u0161ta krvne sudove i pove\u0107ava protok krvi u penisu, ali njegova u\u010dinkovitost zavisi od seksualne stimulacije.<\/p>\n<p>Ovaj lijek se uzima oralno, obi\u010dno oko sat vremena prije planirane seksualne aktivnosti, a njegov efekat traje do \u010detiri sata. Preporu\u010dena maksimalna doza je 100 mg dnevno. Sildenafil 100 mg dostupan je kao filmom oblo\u017eena plava tableta i koristi se samo nakon savjeta ljekara, posebno ukoliko postoje sr\u010dani problemi ili ako pacijent koristi druge lijekove. Nuspojave mogu uklju\u010divati glavobolju, crvenilo lica i probavne smetnje.<\/p>\n<p>Na\u0161a ponuda omogu\u0107ava brzu i diskretnu dostavu Sildenafil 100 mg u Podgorici i \u0161irom Crne Gore, uz garanciju autenti\u010dnosti i kvaliteta.<\/p>\n<p><strong style=\"margin: 0px;padding: 0px;border: 0px;font-size: 14px;vertical-align: baseline;background: none;font-weight: 700\">Diskrecija zagarantovana.<\/strong><\/p>\n<p>Dostava kurirom \u2013 Cijela Crna Gora: Podgorica, Nik\u0161i\u0107, Cetinje, Danilovgrad, Plu\u017eine, \u0160avnik, \u017dabljak, Pljevlja, Berane, Bijelo Polje, Petnjica, Ro\u017eaje, Plav, Bar, Ulcinj, Petrovac, Budva, Kotor, Tivat, Herceg Novi.<\/p>\n<p><strong style=\"margin: 0px;padding: 0px;border: 0px;font-size: 14px;vertical-align: baseline;background: none;font-weight: 700\">Pozovite ili po\u0161aljite poruku na:<span class=\"Apple-converted-space\" style=\"margin: 0px;padding: 0px;border: 0px;font-size: 14px;vertical-align: baseline;background: none\">&nbsp;<\/span><a href=\"tel:067%20450%20300\" style=\"margin: 0px;padding: 0px;border: 0px;font-size: 14px;vertical-align: baseline;background: none;text-decoration: none\">067 450 300<\/a><span class=\"Apple-converted-space\" style=\"margin: 0px;padding: 0px;border: 0px;font-size: 14px;vertical-align: baseline;background: none\">&nbsp;<\/span>\u2013 Viber WhatsApp<\/strong><\/p>\n","protected":false},"excerpt":{"rendered":"<p>Sildenafil 100 mg Sildenafil 100 mg je lijek koji poma\u017ee mu\u0161karcima da prevazi\u0111u erektilnu disfunkciju, stanje koje onemogu\u0107ava postizanje ili odr\u017eavanje erekcije potrebne za uspje\u0161nu seksualnu aktivnost. Aktivni sastojak, sildenafil, djeluje tako \u0161to opu\u0161ta krvne sudove i pove\u0107ava protok krvi u penisu, ali njegova u\u010dinkovitost zavisi od seksualne stimulacije. Ovaj lijek se uzima oralno, obi\u010dno [&hellip;]<\/p>\n","protected":false},"featured_media":305,"comment_status":"open","ping_status":"closed","template":"","meta":{"_et_pb_use_builder":"","_et_pb_old_content":"","_et_gb_content_width":""},"product_brand":[],"product_cat":[313,484,324,529,474,458,460,457,459,456,507,461,464,465,462,463,348,309,530,497,510,494,342],"product_tag":[59,54,55,62,48,49,588,589,63,47,56,61,58,53,50,57,51,64,60,52],"class_list":{"0":"post-306","1":"product","2":"type-product","3":"status-publish","4":"has-post-thumbnail","6":"product_cat-diskretna-dostava-podgorica","7":"product_cat-diskretna-kupovina","8":"product_cat-najbolji-preparati-za-potenciju-podgorica","9":"product_cat-originalne-tablete-za-potenciju-sa-sildenafilom-u-podgorici-po-povoljnim-cijenama","10":"product_cat-originalni-sildenafil-podgorica","11":"product_cat-potencija-crna-gora","12":"product_cat-potencija-crna-gora-dostava","13":"product_cat-potencija-podgorica","14":"product_cat-potencija-podgorica-dostava","15":"product_cat-potenicija-podgorica-preparati","16":"product_cat-potencija-preparati-crna-gora","17":"product_cat-preparati-za-potenciju","18":"product_cat-preparati-za-potenciju-crna-gora","19":"product_cat-preparati-za-potenciju-crna-gora-dostava","20":"product_cat-preparati-za-potenciju-podgorica","21":"product_cat-preparati-za-potenciju-podgorica-dostava","22":"product_cat-sildenafil","23":"product_cat-sildenafil-tablete","24":"product_cat-specijalizovani-preparati-za-produzen-i-kvalitetan-seksualni-ucinak-podgorica","25":"product_cat-tablete","26":"product_cat-tablete-za-potenciju-podgorica","27":"product_cat-za-musku-potenciju","28":"product_cat-za-musku-potenciju-podgorica","29":"product_tag-bar","30":"product_tag-berane","31":"product_tag-bijelo-polje","32":"product_tag-budva","33":"product_tag-cetinje","34":"product_tag-danilovgrad","35":"product_tag-dostava-kurirom-cijela-crna-gora-podgorica","36":"product_tag-herceg-novi-2","37":"product_tag-kotor","38":"product_tag-niksic","39":"product_tag-petnjica","40":"product_tag-petrovac","41":"product_tag-plav","42":"product_tag-pljevlja","43":"product_tag-pluzine","44":"product_tag-rozaje","45":"product_tag-savnik","46":"product_tag-tivat","47":"product_tag-ulcinj","48":"product_tag-zabljak","50":"first","51":"instock","52":"shipping-taxable","53":"purchasable","54":"product-type-simple"},"_links":{"self":[{"href":"https:\/\/kamagra-podgorica.me\/index.php?rest_route=\/wp\/v2\/product\/306","targetHints":{"allow":["GET"]}}],"collection":[{"href":"https:\/\/kamagra-podgorica.me\/index.php?rest_route=\/wp\/v2\/product"}],"about":[{"href":"https:\/\/kamagra-podgorica.me\/index.php?rest_route=\/wp\/v2\/types\/product"}],"replies":[{"embeddable":true,"href":"https:\/\/kamagra-podgorica.me\/index.php?rest_route=%2Fwp%2Fv2%2Fcomments&post=306"}],"wp:featuredmedia":[{"embeddable":true,"href":"https:\/\/kamagra-podgorica.me\/index.php?rest_route=\/wp\/v2\/media\/305"}],"wp:attachment":[{"href":"https:\/\/kamagra-podgorica.me\/index.php?rest_route=%2Fwp%2Fv2%2Fmedia&parent=306"}],"wp:term":[{"taxonomy":"product_brand","embeddable":true,"href":"https:\/\/kamagra-podgorica.me\/index.php?rest_route=%2Fwp%2Fv2%2Fproduct_brand&post=306"},{"taxonomy":"product_cat","embeddable":true,"href":"https:\/\/kamagra-podgorica.me\/index.php?rest_route=%2Fwp%2Fv2%2Fproduct_cat&post=306"},{"taxonomy":"product_tag","embeddable":true,"href":"https:\/\/kamagra-podgorica.me\/index.php?rest_route=%2Fwp%2Fv2%2Fproduct_tag&post=306"}],"curies":[{"name":"wp","href":"https:\/\/api.w.org\/{rel}","templated":true}]}}