{"id":385,"date":"2026-01-23T23:15:10","date_gmt":"2026-01-23T23:15:10","guid":{"rendered":"https:\/\/kamagra-podgorica.me\/?product=kamagra-polo-zvakace-tablete-100mg-zvakace-tablete-za-potenciju-podgorica-crna-gora"},"modified":"2026-03-21T09:46:25","modified_gmt":"2026-03-21T09:46:25","slug":"kamagra-polo-zvakace-tablete-100mg-zvakace-tablete-za-potenciju-podgorica-crna-gora","status":"publish","type":"product","link":"https:\/\/kamagra-podgorica.me\/?product=kamagra-polo-zvakace-tablete-100mg-zvakace-tablete-za-potenciju-podgorica-crna-gora","title":{"rendered":"Kamagra Polo \u017dvaka\u0107e Tablete 100mg &#8211; \u017dvaka\u0107e Tablete za potenciju Podgorica Crna Gora"},"content":{"rendered":"<p>KAMAGRA POLO 100MG \u017dVAKA\u0106E TABLETE<\/p>\n<p>Sastav: 100 mg sildenafila citrata + pomo\u0107ne tvari. Djelovanje:<\/p>\n<p>Sildenafil blokira PDE5 \u2192 vi\u0161e cGMP u penisu \u2192 erekcija pri stimulaciji.<\/p>\n<p>\u017dVAKA POD JEZIKOM = 10-20 min efekat<\/p>\n<p>Indikacije: Erektilna disfunkcija<\/p>\n<p>Doziranje:<\/p>\n<p>1 tableta (50-100 mg) 30-60 min prije seksa<\/p>\n<p>MAKS 1\/dan<\/p>\n<p>Prednosti:<\/p>\n<p>&#8211; Bez vode, bilo kada<\/p>\n<p>&#8211; Ugodan ukus<\/p>\n<p>&#8211; Blister 4 tablete<\/p>\n<p>Ne\u017eeljena dejstva: (blaga, prolazna):<\/p>\n<p>&#8211; Crvenilo lica (10%)<\/p>\n<p>&#8211; Glavobolja (12%)<\/p>\n<p>&#8211; Vrtoglavica (1%)<\/p>\n<p>Kontraindikacije:<\/p>\n<p>&#8211; Nitrati (srce)<\/p>\n<p>Preosjetljivost<\/p>\n<p>Upozorenja:<\/p>\n<p>&#8211; Samo uz stimulaciju<\/p>\n<p>&#8211; Bez alkohola\/obilnih obroka<\/p>\n<p>&#8211; Konsultovati ljekara<\/p>\n<p>Dostava:<\/p>\n<p>Podgorica za 1h a za cijelu Crnu Goru u roku od 24h ili isti dan.<\/p>\n<p>Viber: 067 450 300<\/p>\n<p>\u010cuvanje:<\/p>\n<p>Do 30\u00b0C<\/p>\n<p>Pakovanje:<\/p>\n<p>4 tablete<\/p>\n<p><strong style=\"margin: 0px;padding: 0px;border: 0px;font-size: 14px;vertical-align: baseline;background: none;font-weight: 700\">Diskrecija zagarantovana.<\/strong><\/p>\n<p>Dostava kurirom \u2013 Cijela Crna Gora: Podgorica, Nik\u0161i\u0107, Cetinje, Danilovgrad, Plu\u017eine, \u0160avnik, \u017dabljak, Pljevlja, Berane, Bijelo Polje, Petnjica, Ro\u017eaje, Plav, Bar, Ulcinj, Petrovac, Budva, Kotor, Tivat, Herceg Novi.<\/p>\n<p><strong style=\"margin: 0px;padding: 0px;border: 0px;font-size: 14px;vertical-align: baseline;background: none;font-weight: 700\">Pozovite ili po\u0161aljite poruku na:<span class=\"Apple-converted-space\">&nbsp;<\/span><a href=\"tel:067%20450%20300\" style=\"margin: 0px;padding: 0px;border: 0px;font-size: 14px;vertical-align: baseline;background: none;text-decoration: none\">067 450 300<\/a><span class=\"Apple-converted-space\">&nbsp;<\/span>\u2013 Viber WhatsApp<\/strong><\/p>\n","protected":false},"excerpt":{"rendered":"<p>Kamagra Polo \u017dvaka\u0107e 100mg<\/p>\n<p>Brze \u017evaka\u0107e tablete za diskretni unos i jaku erekciju<\/p>\n<p><strong style=\"margin: 0px;padding: 0px;border: 0px;font-size: 14px;vertical-align: baseline;background: none;font-weight: 700\">Diskrecija zagarantovana.<\/strong><\/p>\n<p>Dostava kurirom \u2013 Cijela Crna Gora: Podgorica, Nik\u0161i\u0107, Cetinje, Danilovgrad, Plu\u017eine, \u0160avnik, \u017dabljak, Pljevlja, Berane, Bijelo Polje, Petnjica, Ro\u017eaje, Plav, Bar, Ulcinj, Petrovac, Budva, Kotor, Tivat, Herceg Novi.<\/p>\n<p><strong style=\"margin: 0px;padding: 0px;border: 0px;font-size: 14px;vertical-align: baseline;background: none;font-weight: 700\">Pozovite ili po\u0161aljite poruku na:<span class=\"Apple-converted-space\" style=\"margin: 0px;padding: 0px;border: 0px;font-size: 14px;vertical-align: baseline;background: none\">&nbsp;<\/span><a href=\"tel:067%20450%20300\" style=\"margin: 0px;padding: 0px;border: 0px;font-size: 14px;vertical-align: baseline;background: none;text-decoration: none\">067 450 300<\/a><span class=\"Apple-converted-space\" style=\"margin: 0px;padding: 0px;border: 0px;font-size: 14px;vertical-align: baseline;background: none\">&nbsp;<\/span>\u2013 Viber WhatsApp<\/strong><\/p>\n","protected":false},"featured_media":384,"comment_status":"open","ping_status":"closed","template":"","meta":{"_et_pb_use_builder":"","_et_pb_old_content":"","_et_gb_content_width":""},"product_brand":[],"product_cat":[520,481,318,591,455,450,444,508,593,592,529,457,459,456,507,461,464,465,462,463,440,348,497,510,494,342,311],"product_tag":[],"class_list":{"0":"post-385","1":"product","2":"type-product","3":"status-publish","4":"has-post-thumbnail","6":"product_cat-diskretna-dostava-kamagra-podgorica","7":"product_cat-dostava-kamagra-crna-gora","8":"product_cat-kamagra-podgorica","9":"product_cat-kamagra-polo-zvakace-tablete","10":"product_cat-kamagra-tablete-crna-gora","11":"product_cat-kamagra-tablete-crna-gora-dostava","12":"product_cat-kamagra-tablete-podgorica","13":"product_cat-kamagra-tablete-podgorica-dostava","14":"product_cat-kamagra-zvakace-tablete-crna-gora","15":"product_cat-kamagra-zvakace-tablete-podgorica","16":"product_cat-originalne-tablete-za-potenciju-sa-sildenafilom-u-podgorici-po-povoljnim-cijenama","17":"product_cat-potencija-podgorica","18":"product_cat-potencija-podgorica-dostava","19":"product_cat-potenicija-podgorica-preparati","20":"product_cat-potencija-preparati-crna-gora","21":"product_cat-preparati-za-potenciju","22":"product_cat-preparati-za-potenciju-crna-gora","23":"product_cat-preparati-za-potenciju-crna-gora-dostava","24":"product_cat-preparati-za-potenciju-podgorica","25":"product_cat-preparati-za-potenciju-podgorica-dostava","26":"product_cat-sigurna-kupovina-kamagre","27":"product_cat-sildenafil","28":"product_cat-tablete","29":"product_cat-tablete-za-potenciju-podgorica","30":"product_cat-za-musku-potenciju","31":"product_cat-za-musku-potenciju-podgorica","32":"product_cat-kamagra","34":"first","35":"instock","36":"shipping-taxable","37":"purchasable","38":"product-type-simple"},"_links":{"self":[{"href":"https:\/\/kamagra-podgorica.me\/index.php?rest_route=\/wp\/v2\/product\/385","targetHints":{"allow":["GET"]}}],"collection":[{"href":"https:\/\/kamagra-podgorica.me\/index.php?rest_route=\/wp\/v2\/product"}],"about":[{"href":"https:\/\/kamagra-podgorica.me\/index.php?rest_route=\/wp\/v2\/types\/product"}],"replies":[{"embeddable":true,"href":"https:\/\/kamagra-podgorica.me\/index.php?rest_route=%2Fwp%2Fv2%2Fcomments&post=385"}],"wp:featuredmedia":[{"embeddable":true,"href":"https:\/\/kamagra-podgorica.me\/index.php?rest_route=\/wp\/v2\/media\/384"}],"wp:attachment":[{"href":"https:\/\/kamagra-podgorica.me\/index.php?rest_route=%2Fwp%2Fv2%2Fmedia&parent=385"}],"wp:term":[{"taxonomy":"product_brand","embeddable":true,"href":"https:\/\/kamagra-podgorica.me\/index.php?rest_route=%2Fwp%2Fv2%2Fproduct_brand&post=385"},{"taxonomy":"product_cat","embeddable":true,"href":"https:\/\/kamagra-podgorica.me\/index.php?rest_route=%2Fwp%2Fv2%2Fproduct_cat&post=385"},{"taxonomy":"product_tag","embeddable":true,"href":"https:\/\/kamagra-podgorica.me\/index.php?rest_route=%2Fwp%2Fv2%2Fproduct_tag&post=385"}],"curies":[{"name":"wp","href":"https:\/\/api.w.org\/{rel}","templated":true}]}}