{"id":68,"date":"2025-06-26T08:35:41","date_gmt":"2025-06-26T08:35:41","guid":{"rendered":"https:\/\/kamagra-podgorica.me\/?post_type=product&#038;p=68"},"modified":"2026-05-05T06:06:53","modified_gmt":"2026-05-05T06:06:53","slug":"kamagra-gel-za-potenciju","status":"publish","type":"product","link":"https:\/\/kamagra-podgorica.me\/?product=kamagra-gel-za-potenciju","title":{"rendered":"Kamagra Gel 100mg Oral Jelly \u2013 Gel za potenciju Podgorica Crna Gora"},"content":{"rendered":"<p>\u0160ta je Kamagra Gel i kako djeluje?<\/p>\n<p>Kamagra Oral Jelly sadr\u017ei 100 mg sildenafil citrata, aktivnog sastojka koji efikasno opu\u0161ta krvne \u017eile i omogu\u0107ava bolji protok krvi u podru\u010dju polnog organa. Ovo rezultira postizanjem i odr\u017eavanjem erekcije, ali samo uz seksualnu stimulaciju. Kamagra je provjereni lijek za potenciju marke Ajanta, poznata po brzoj i dugotrajnoj akciji.<\/p>\n<p>Za\u0161to izabrati Kamagru?<\/p>\n<p>Kao visokokvalitetan proizvod, Kamagra Gel se isporu\u010duje u diskretnom pakovanju, \u0161to omogu\u0107ava sigurnu i povjerljivu kupovinu u Crnoj Gori, posebno u Podgorici. Ova gel forma omogu\u0107ava br\u017eu apsorpciju u odnosu na tablete, \u0161to zna\u010di da efekte po\u010dinjete osje\u0107ati ve\u0107 nakon 30 minuta.<\/p>\n<p>Kako ispravno koristiti Kamagra Gel?<\/p>\n<p>\u2022\tUzmite sadr\u017eaj jedne vre\u0107ice Kamagra Oral Jelly najmanje 30 minuta prije seksa.<\/p>\n<p>\u2022\tEfekat traje izme\u0111u 4 i 6 sati, tokom kojih uz odgovaraju\u0107u seksualnu stimulaciju mo\u017eete posti\u0107i vi\u0161estruke erekcije i bolji seksualni performans.<\/p>\n<p>\u2022\tKamagra djeluje na isti na\u010din kao i Viagra, zahvaljuju\u0107i sildenafil citratu, ali u obliku gela za lak\u0161u i br\u017eu upotrebu.<\/p>\n<p>Klju\u010dne prednosti Kamagra Gela<\/p>\n<p>\u2022\tBrza i efikasna pomo\u0107 kod erektilne disfunkcije<\/p>\n<p>\u2022\tDiskretna i jednostavna upotreba<\/p>\n<p>\u2022\tDugotrajan u\u010dinak do 6 sati<\/p>\n<p>\u2022\tSigurna kupovina i isporuka u Podgorici i Crnoj Gori<\/p>\n<p>\u2022\tProizvod visokog kvaliteta, sa istim aktivnim sastojkom kao i drugi poznati lijekovi za potenciju.<\/p>\n<p><strong style=\"margin: 0px;padding: 0px;border: 0px;font-size: 14px;vertical-align: baseline;background: none;font-weight: 700\">Diskrecija zagarantovana.<\/strong><\/p>\n<p>Dostava kurirom \u2013 Cijela Crna Gora: Podgorica, Nik\u0161i\u0107, Cetinje, Danilovgrad, Plu\u017eine, \u0160avnik, \u017dabljak, Pljevlja, Berane, Bijelo Polje, Petnjica, Ro\u017eaje, Plav, Bar, Ulcinj, Petrovac, Budva, Kotor, Tivat, Herceg Novi.<\/p>\n<p><strong style=\"margin: 0px;padding: 0px;border: 0px;font-size: 14px;vertical-align: baseline;background: none;font-weight: 700\">Pozovite ili po\u0161aljite poruku na:<span class=\"Apple-converted-space\" style=\"margin: 0px;padding: 0px;border: 0px;font-size: 14px;vertical-align: baseline;background: none\">&nbsp;<\/span><a href=\"tel:067%20450%20300\" style=\"margin: 0px;padding: 0px;border: 0px;font-size: 14px;vertical-align: baseline;background: none;text-decoration: none\">067 450 300<\/a><span class=\"Apple-converted-space\" style=\"margin: 0px;padding: 0px;border: 0px;font-size: 14px;vertical-align: baseline;background: none\">&nbsp;<\/span>\u2013 Viber WhatsApp<\/strong><\/p>\n","protected":false},"excerpt":{"rendered":"<p>Kamagra Gel 100mg \u2013 Najbolji lijek za potenciju u Podgorici i Crnoj Gori<\/p>\n<p>Kamagra Gel 100mg je mo\u0107an i pouzdan lijek za potenciju iz grupe PDE5 inhibitora, posebno dizajniran za brzu i efikasnu pomo\u0107 kod erektilne disfunkcije. Ovaj gel se uzima oralno, a aktivni sastojak sildenafil citrat se brzo upija kroz oralnu sluzoko\u017eu, \u0161to omogu\u0107ava dejstvo ve\u0107 nakon 15 do 30 minuta.<\/p>\n<p>Za razliku od klasi\u010dnih tableta, Kamagra Gel je lak\u0161a i ugodnija forma za kori\u0161\u0107enje, sa brzo djeluju\u0107im efektom i dugotrajnim trajanjem \u2013 do 6 sati. Idealna je za mu\u0161karce koji \u017eele diskretnu, sigurnu i efikasnu podr\u0161ku za seksualne potrebe.<\/p>\n<p>Klju\u010dne prednosti Kamagra Gela:<\/p>\n<p>\u2022\tBrzi po\u010detak djelovanja ve\u0107 za pola sata<\/p>\n<p>\u2022\tEfekat koji traje do 6 sati uz mogu\u0107nost vi\u0161estrukih erekcija<\/p>\n<p>\u2022\tJednostavna upotreba u obliku gela, lak\u0161a od tableta<\/p>\n<p>\u2022\tDiskretno pakovanje \u2013 sigurnost i privatnost zagarantovani<\/p>\n<p>\u2022\tPakovanje sadr\u017ei 7 vre\u0107ica gela, idealno za redovnu upotrebu<\/p>\n<p>Va\u017ene informacije i savjeti:<\/p>\n<p>Kod kori\u0161\u0107enja Kamagra Gela, va\u017eno je izbjegavati kombinaciju sa alkoholom, nitratnim lijekovima ili drugim supstancama koje mogu negativno uticati na njegovo djelovanje. Preporu\u010dujemo da se konzultujete sa ljekarom prije upotrebe, posebno ako imate hroni\u010dne bolesti ili uzimate druge lijekove.<\/p>\n<p>Diskrecija zagarantovana.<\/p>\n<p>Dostava kurirom &#8211; Cijela Crna Gora: Podgorica, Nik\u0161i\u0107, Cetinje, Danilovgrad, Plu\u017eine, \u0160avnik, \u017dabljak, Pljevlja, Berane, Bijelo Polje, Petnjica, Ro\u017eaje, Plav, Bar, Ulcinj, Petrovac, Budva, Kotor, Tivat, Herceg Novi.<\/p>\n<p><strong>Pozovite ili po\u0161aljite poruku na: 067 450 300 &#8211; Viber WhatsApp<\/strong><\/p>\n","protected":false},"featured_media":69,"comment_status":"open","ping_status":"closed","template":"","meta":{"_et_pb_use_builder":"","_et_pb_old_content":"","_et_gb_content_width":""},"product_brand":[17],"product_cat":[317,520,313,312,484,481,451,562,319,292,519,523,454,448,347,475,438,518,449,446,315,314,443,436,445,435,472,434,447,476,561,318,439,442,566,565,564,473,316,324,529,474,458,460,457,459,456,507,461,464,465,462,463,440,441,348,309,494,342,311],"product_tag":[59,54,55,62,48,49,588,589,63,47,56,61,58,53,50,57,51,64,60,52],"class_list":{"0":"post-68","1":"product","2":"type-product","3":"status-publish","4":"has-post-thumbnail","6":"product_brand-kamagra","7":"product_cat-diskretna-dostava-kamagra-gela-crna-gora","8":"product_cat-diskretna-dostava-kamagra-podgorica","9":"product_cat-diskretna-dostava-podgorica","10":"product_cat-diskretna-i-brza-dostava-kamagra-gela-podgorica","11":"product_cat-diskretna-kupovina","12":"product_cat-dostava-kamagra-crna-gora","13":"product_cat-gel-kamagra-podgorica","14":"product_cat-kamagra-bez-recepta-crna-gora-online","15":"product_cat-kamagra-crna-gora","16":"product_cat-kamagra-gel","17":"product_cat-kamagra-gel-crna-gora","18":"product_cat-kamagra-gel-crna-gora-dostava","19":"product_cat-kamagra-gel-dostava-crna-gora","20":"product_cat-kamagra-gel-dostava-podgorica","21":"product_cat-kamagra-gel-exclusive-crna-gora-dostava","22":"product_cat-kamagra-gel-original-crna-gora","23":"product_cat-kamagra-gel-original-podgorica","24":"product_cat-kamagra-gel-podgorica","25":"product_cat-kamagra-gel-podgorica-dostava","26":"product_cat-kamagra-gel-podgorica-najsigurnija-kupovina","27":"product_cat-kamagra-gel-prodaja-crna-gora","28":"product_cat-kamagra-gel-prodaja-podgorica","29":"product_cat-kamagra-gel-sigurna-kupovina-podgorica","30":"product_cat-kamagra-gel-za-potenciju","31":"product_cat-kamagra-online-kupovina-crna-gora","32":"product_cat-kamagra-oral-jelly-crna-gora","33":"product_cat-kamagra-oral-jelly-crna-gora-diskretna-dostava","34":"product_cat-kamagra-oral-jelly-podgorica","35":"product_cat-kamagra-oral-jelly-podgorica-diskretna-dostava","36":"product_cat-kamagra-oral-jelly-podgorica-dostava","37":"product_cat-kamagra-oral-jelly-za-brzu-pomoc-crna-gora","38":"product_cat-kamagra-podgorica","39":"product_cat-kamagra-podgorica-prodaja-original","40":"product_cat-kamagra-sigurna-kupovina-podgorica","41":"product_cat-kupi-originalni-kamagra-gel-sa-brzom-dostavom-podgorica","42":"product_cat-kupiti-kamagru-u-crnoj-gori","43":"product_cat-najbolja-kamagra-za-erektilnu-disfunkciju-podgorica","44":"product_cat-najbolji-kamagra-gel-crna-gora","45":"product_cat-najbolji-kamagra-gel-podgorica","46":"product_cat-najbolji-preparati-za-potenciju-podgorica","47":"product_cat-originalne-tablete-za-potenciju-sa-sildenafilom-u-podgorici-po-povoljnim-cijenama","48":"product_cat-originalni-sildenafil-podgorica","49":"product_cat-potencija-crna-gora","50":"product_cat-potencija-crna-gora-dostava","51":"product_cat-potencija-podgorica","52":"product_cat-potencija-podgorica-dostava","53":"product_cat-potenicija-podgorica-preparati","54":"product_cat-potencija-preparati-crna-gora","55":"product_cat-preparati-za-potenciju","56":"product_cat-preparati-za-potenciju-crna-gora","57":"product_cat-preparati-za-potenciju-crna-gora-dostava","58":"product_cat-preparati-za-potenciju-podgorica","59":"product_cat-preparati-za-potenciju-podgorica-dostava","60":"product_cat-sigurna-kupovina-kamagre","61":"product_cat-sigurna-kupovina-kamagre-kamagra-podgorica","62":"product_cat-sildenafil","63":"product_cat-sildenafil-tablete","64":"product_cat-za-musku-potenciju","65":"product_cat-za-musku-potenciju-podgorica","66":"product_cat-kamagra","67":"product_tag-bar","68":"product_tag-berane","69":"product_tag-bijelo-polje","70":"product_tag-budva","71":"product_tag-cetinje","72":"product_tag-danilovgrad","73":"product_tag-dostava-kurirom-cijela-crna-gora-podgorica","74":"product_tag-herceg-novi-2","75":"product_tag-kotor","76":"product_tag-niksic","77":"product_tag-petnjica","78":"product_tag-petrovac","79":"product_tag-plav","80":"product_tag-pljevlja","81":"product_tag-pluzine","82":"product_tag-rozaje","83":"product_tag-savnik","84":"product_tag-tivat","85":"product_tag-ulcinj","86":"product_tag-zabljak","88":"first","89":"instock","90":"shipping-taxable","91":"purchasable","92":"product-type-simple"},"_links":{"self":[{"href":"https:\/\/kamagra-podgorica.me\/index.php?rest_route=\/wp\/v2\/product\/68","targetHints":{"allow":["GET"]}}],"collection":[{"href":"https:\/\/kamagra-podgorica.me\/index.php?rest_route=\/wp\/v2\/product"}],"about":[{"href":"https:\/\/kamagra-podgorica.me\/index.php?rest_route=\/wp\/v2\/types\/product"}],"replies":[{"embeddable":true,"href":"https:\/\/kamagra-podgorica.me\/index.php?rest_route=%2Fwp%2Fv2%2Fcomments&post=68"}],"wp:featuredmedia":[{"embeddable":true,"href":"https:\/\/kamagra-podgorica.me\/index.php?rest_route=\/wp\/v2\/media\/69"}],"wp:attachment":[{"href":"https:\/\/kamagra-podgorica.me\/index.php?rest_route=%2Fwp%2Fv2%2Fmedia&parent=68"}],"wp:term":[{"taxonomy":"product_brand","embeddable":true,"href":"https:\/\/kamagra-podgorica.me\/index.php?rest_route=%2Fwp%2Fv2%2Fproduct_brand&post=68"},{"taxonomy":"product_cat","embeddable":true,"href":"https:\/\/kamagra-podgorica.me\/index.php?rest_route=%2Fwp%2Fv2%2Fproduct_cat&post=68"},{"taxonomy":"product_tag","embeddable":true,"href":"https:\/\/kamagra-podgorica.me\/index.php?rest_route=%2Fwp%2Fv2%2Fproduct_tag&post=68"}],"curies":[{"name":"wp","href":"https:\/\/api.w.org\/{rel}","templated":true}]}}