{"id":70,"date":"2025-06-26T15:35:32","date_gmt":"2025-06-26T15:35:32","guid":{"rendered":"https:\/\/kamagra-podgorica.me\/?post_type=product&#038;p=70"},"modified":"2026-05-04T05:59:30","modified_gmt":"2026-05-04T05:59:30","slug":"kamagra-sumeca-tableta","status":"publish","type":"product","link":"https:\/\/kamagra-podgorica.me\/?product=kamagra-sumeca-tableta","title":{"rendered":"Kamagra \u0160ume\u0107e Tablete 100mg \u2013 Tablete za potenciju Podgorica Crna Gora"},"content":{"rendered":"<p>Od \u010dega se sastoje Kamagra \u0160ume\u0107e?<\/p>\n<p>Kamagra \u0160ume\u0107e tablete za potenciju sadr\u017ee aktivni sastojak sildenafil citrat, kojeg proizvodi renomirana farmaceutska kompanija Ajanta Pharma iz Indije. Ova firma je vi\u0161egodi\u0161nji lider u proizvodnji kvalitetnih Kamagra preparata.<\/p>\n<p>Sildenafil citrat djeluje kao inhibitor fosfodiesteraze tipa 5 (PDE5), \u0161to pobolj\u0161ava protok krvi u penisu i olak\u0161ava postizanje i odr\u017eavanje \u010dvrste erekcije. Zbog \u0161ume\u0107eg oblika, Kamagra \u0161ume\u0107e tablete se br\u017ee rastvaraju i apsorbuju, omogu\u0107avaju\u0107i br\u017eu u\u010dinkovitost u pore\u0111enju sa obi\u010dnim tabletama.<\/p>\n<p>Preporu\u010dena doza Kamagra \u0160ume\u0107ih tableta:<\/p>\n<p>Preporu\u010duje se jedna \u0161ume\u0107a tableta od 100 mg, koju je najbolje uzeti 20-30 minuta prije seksualnog odnosa. Tabletu treba rastvoriti u \u010da\u0161i vode prije konzumacije. Ukoliko je potrebno, tabletu mo\u017eete prepoloviti kako biste unijeli manju dozu. Va\u017eno je ne uzimati vi\u0161e od jedne tablete u toku 24 sata.<\/p>\n<p>Zahvaljuju\u0107i ugljen-dioksidu u tabletama, rastvaranje je brzo i jednostavno, \u0161to je posebno pogodno za mu\u0161karce u Podgorici i Crnoj Gori koji \u017eele diskretno i brzo rje\u0161enje.<\/p>\n<p>Efikasnost Kamagra \u0160ume\u0107ih tableta<\/p>\n<p>Kamagra \u0160ume\u0107e tablete imaju istu visoku efikasnost kao i klasi\u010dni farmaceutski proizvodi poput Viagre. Sildenafil citrat brzo djeluje, a korisnici u Podgorici i \u0161irom Crne Gore potvr\u0111uju dugotrajan i sna\u017ean efekat koji omogu\u0107ava vi\u0161estruke uspje\u0161ne seksualne odnose.<\/p>\n<p>Efekat traje od 4 do 6 sati, a tableta po\u010dinje da djeluje ve\u0107 sat vremena nakon konzumacije. Jedna tableta dnevno dovoljna je da pru\u017ei pun efekat lijeka.<\/p>\n<p>Diskrecija zagarantovana.<\/p>\n<p>Dostava kurirom \u2013 Cijela Crna Gora: Podgorica, Nik\u0161i\u0107, Cetinje, Danilovgrad, Plu\u017eine, \u0160avnik, \u017dabljak, Pljevlja, Berane, Bijelo Polje, Petnjica, Ro\u017eaje, Plav, Bar, Ulcinj, Petrovac, Budva, Kotor, Tivat, Herceg Novi.<\/p>\n<p><strong style=\"margin: 0px;padding: 0px;border: 0px;font-size: 14px;vertical-align: baseline;background: none;font-weight: 700\">Pozovite ili po\u0161aljite poruku na:<span class=\"Apple-converted-space\">&nbsp;<\/span><a href=\"tel:067%20450%20300\" style=\"margin: 0px;padding: 0px;border: 0px;font-size: 14px;vertical-align: baseline;background: none;text-decoration: none\">067 450 300<\/a><span class=\"Apple-converted-space\">&nbsp;<\/span>\u2013 Viber WhatsApp<\/strong><\/p>\n<p>&nbsp;<\/p>\n","protected":false},"excerpt":{"rendered":"<p>\u0160ta su Kamagra \u0160ume\u0107e Tablete?<\/p>\n<p>Kamagra \u0160ume\u0107e Tablete su preparat za potenciju koji brzo rje\u0161ava probleme sa erektilnom disfunkcijom i zna\u010dajno pove\u0107ava libido. Kamagra \u0160ume\u0107e sadr\u017ee, ba\u0161 kao i skoro identi\u010dna Viagra, 100 mg sildenafil citrata. U pore\u0111enju sa obi\u010dnom Kamagrom u obliku tableta, Kamagra kao varijanta rastvora lak\u0161e se apsorbuje u organizmu, \u0161to rezultira br\u017eom apsorpcijom aktivnih sastojaka i br\u017eim dejstvom.<\/p>\n<p>Ovaj proizvod je posebno popularan me\u0111u mu\u0161karcima u Podgorici i \u0161irom Crne Gore zbog svoje efikasnosti i prakti\u010dnosti. Pakovanje sadr\u017ei 7 \u0161ume\u0107ih tableta, koje se rastvaraju u vodi i mogu se uzimati diskretno i lako.<\/p>\n<p>Ako tra\u017eite brzo i pouzdano rje\u0161enje za potenciju u Podgorici ili Crnoj Gori, Kamagra \u0160ume\u0107e tablete su pravi izbor za vas.<\/p>\n<p>Diskrecija zagarantovana.<\/p>\n<p>Dostava kurirom &#8211; Cijela Crna Gora: Podgorica, Nik\u0161i\u0107, Cetinje, Danilovgrad, Plu\u017eine, \u0160avnik, \u017dabljak, Pljevlja, Berane, Bijelo Polje, Petnjica, Ro\u017eaje, Plav, Bar, Ulcinj, Petrovac, Budva, Kotor, Tivat, Herceg Novi.<\/p>\n<p><strong>Pozovite ili po\u0161aljite poruku na: 067 450 300 &#8211; Viber WhatsApp<\/strong><\/p>\n<p>&nbsp;<\/p>\n","protected":false},"featured_media":71,"comment_status":"open","ping_status":"closed","template":"","meta":{"_et_pb_use_builder":"","_et_pb_old_content":"","_et_gb_content_width":""},"product_brand":[17],"product_cat":[520,320,313,484,481,562,319,445,318,439,442,524,452,293,547,550,548,545,549,546,492,552,554,556,555,551,553,557,455,450,444,508,565,564,324,529,474,458,460,457,459,456,507,461,464,465,462,463,440,441,348,522,321,495,521,497,510,494,342,311],"product_tag":[59,54,55,62,48,49,588,589,63,47,56,61,58,53,50,57,51,64,60,52],"class_list":{"0":"post-70","1":"product","2":"type-product","3":"status-publish","4":"has-post-thumbnail","6":"product_brand-kamagra","7":"product_cat-diskretna-dostava-kamagra-podgorica","8":"product_cat-diskretna-dostava-kamagra-sumece-kamagre-podgorica","9":"product_cat-diskretna-dostava-podgorica","10":"product_cat-diskretna-kupovina","11":"product_cat-dostava-kamagra-crna-gora","12":"product_cat-kamagra-bez-recepta-crna-gora-online","13":"product_cat-kamagra-crna-gora","14":"product_cat-kamagra-online-kupovina-crna-gora","15":"product_cat-kamagra-podgorica","16":"product_cat-kamagra-podgorica-prodaja-original","17":"product_cat-kamagra-sigurna-kupovina-podgorica","18":"product_cat-kamagra-sumeca-crna-gora-dostava","19":"product_cat-kamagra-sumeca-podgorica-dostava","20":"product_cat-kamagra-sumece","21":"product_cat-kamagra-sumece-crna-gora","22":"product_cat-kamagra-sumece-crna-gora-diskretna-dostava","23":"product_cat-kamagra-sumece-crna-gora-dostava","24":"product_cat-kamagra-sumece-podgorica","25":"product_cat-kamagra-sumece-podgorica-diskretna-dostava","26":"product_cat-kamagra-sumece-podgorica-dostava","27":"product_cat-kamagra-sumece-tablete","28":"product_cat-kamagra-sumece-tablete-crna-gora","29":"product_cat-kamagra-sumece-tablete-crna-gora-dostava","30":"product_cat-kamagra-sumece-tablete-diskretna-dostava-crna-gora","31":"product_cat-kamagra-sumece-tablete-diskretna-dostava-podgorica","32":"product_cat-kamagra-sumece-tablete-podgorica","33":"product_cat-kamagra-sumece-tablete-podgorica-dostava","34":"product_cat-kamagra-sumece-za-poteciju","35":"product_cat-kamagra-tablete-crna-gora","36":"product_cat-kamagra-tablete-crna-gora-dostava","37":"product_cat-kamagra-tablete-podgorica","38":"product_cat-kamagra-tablete-podgorica-dostava","39":"product_cat-kupiti-kamagru-u-crnoj-gori","40":"product_cat-najbolja-kamagra-za-erektilnu-disfunkciju-podgorica","41":"product_cat-najbolji-preparati-za-potenciju-podgorica","42":"product_cat-originalne-tablete-za-potenciju-sa-sildenafilom-u-podgorici-po-povoljnim-cijenama","43":"product_cat-originalni-sildenafil-podgorica","44":"product_cat-potencija-crna-gora","45":"product_cat-potencija-crna-gora-dostava","46":"product_cat-potencija-podgorica","47":"product_cat-potencija-podgorica-dostava","48":"product_cat-potenicija-podgorica-preparati","49":"product_cat-potencija-preparati-crna-gora","50":"product_cat-preparati-za-potenciju","51":"product_cat-preparati-za-potenciju-crna-gora","52":"product_cat-preparati-za-potenciju-crna-gora-dostava","53":"product_cat-preparati-za-potenciju-podgorica","54":"product_cat-preparati-za-potenciju-podgorica-dostava","55":"product_cat-sigurna-kupovina-kamagre","56":"product_cat-sigurna-kupovina-kamagre-kamagra-podgorica","57":"product_cat-sildenafil","58":"product_cat-sumeca-kamagra-crna-gora-dostava","59":"product_cat-sumeca-kamagra-dostava-podgorica","60":"product_cat-sumeca-kamagra-podgorica","61":"product_cat-sumeca-kamagra-podgorica-dostava","62":"product_cat-tablete","63":"product_cat-tablete-za-potenciju-podgorica","64":"product_cat-za-musku-potenciju","65":"product_cat-za-musku-potenciju-podgorica","66":"product_cat-kamagra","67":"product_tag-bar","68":"product_tag-berane","69":"product_tag-bijelo-polje","70":"product_tag-budva","71":"product_tag-cetinje","72":"product_tag-danilovgrad","73":"product_tag-dostava-kurirom-cijela-crna-gora-podgorica","74":"product_tag-herceg-novi-2","75":"product_tag-kotor","76":"product_tag-niksic","77":"product_tag-petnjica","78":"product_tag-petrovac","79":"product_tag-plav","80":"product_tag-pljevlja","81":"product_tag-pluzine","82":"product_tag-rozaje","83":"product_tag-savnik","84":"product_tag-tivat","85":"product_tag-ulcinj","86":"product_tag-zabljak","88":"first","89":"instock","90":"shipping-taxable","91":"purchasable","92":"product-type-simple"},"_links":{"self":[{"href":"https:\/\/kamagra-podgorica.me\/index.php?rest_route=\/wp\/v2\/product\/70","targetHints":{"allow":["GET"]}}],"collection":[{"href":"https:\/\/kamagra-podgorica.me\/index.php?rest_route=\/wp\/v2\/product"}],"about":[{"href":"https:\/\/kamagra-podgorica.me\/index.php?rest_route=\/wp\/v2\/types\/product"}],"replies":[{"embeddable":true,"href":"https:\/\/kamagra-podgorica.me\/index.php?rest_route=%2Fwp%2Fv2%2Fcomments&post=70"}],"wp:featuredmedia":[{"embeddable":true,"href":"https:\/\/kamagra-podgorica.me\/index.php?rest_route=\/wp\/v2\/media\/71"}],"wp:attachment":[{"href":"https:\/\/kamagra-podgorica.me\/index.php?rest_route=%2Fwp%2Fv2%2Fmedia&parent=70"}],"wp:term":[{"taxonomy":"product_brand","embeddable":true,"href":"https:\/\/kamagra-podgorica.me\/index.php?rest_route=%2Fwp%2Fv2%2Fproduct_brand&post=70"},{"taxonomy":"product_cat","embeddable":true,"href":"https:\/\/kamagra-podgorica.me\/index.php?rest_route=%2Fwp%2Fv2%2Fproduct_cat&post=70"},{"taxonomy":"product_tag","embeddable":true,"href":"https:\/\/kamagra-podgorica.me\/index.php?rest_route=%2Fwp%2Fv2%2Fproduct_tag&post=70"}],"curies":[{"name":"wp","href":"https:\/\/api.w.org\/{rel}","templated":true}]}}