{"id":93,"date":"2025-06-26T17:01:19","date_gmt":"2025-06-26T17:01:19","guid":{"rendered":"https:\/\/kamagra-podgorica.me\/?post_type=product&#038;p=93"},"modified":"2026-05-03T08:47:03","modified_gmt":"2026-05-03T08:47:03","slug":"macun-med-12-za-potenciju-kesice","status":"publish","type":"product","link":"https:\/\/kamagra-podgorica.me\/?product=macun-med-12-za-potenciju-kesice","title":{"rendered":"Macun Med Kesice (12 komada) \u2013 Prirodni Afrodizijak za Potenciju Podgorica Crna Gora"},"content":{"rendered":"<p>&nbsp;Macun Med dolazi u obliku sirupa u originalnom pakovanju i konzumira se oralnim putem. Preporu\u010dena doza za oba pola jeste jedna kesica<br \/>\n30 minuta prije seksualnog odnosa.<br \/>\nU su\u0161tini je nemogu\u0107e pretjerati sa lijekom, odnosno zloupotrijebiti isti i tako izazvati predoziranje, ali se svakako ne preporu\u010duje konzumiranje u prekomjernim kolicinama. Jedna doza \u0107e sasvim biti dovoljna da postignete maksimalan u\u017eitak sa Va\u0161im partnerom.<br \/>\nMacun Med je veoma djelotvoran preparat koji ne\u0107e proizvesti nikakve nuspojave, bez obzira na kolicinu proizvoda koju unesete u sebe.<\/p>\n<p>Kako Macun Med koristiti i mu\u0161karci i \u017eene, ispod su navedeni benefiti koje dobijate prilikom konzumiranja istog.<\/p>\n<p>-Mu\u0161karci: Jaka i dugotrajna erekcija, pove\u0107an broj spermatozoida, pove\u0107ava nivo samopouzdanja, ja\u010da libido i seksualnu moc.<br \/>\n-\u017dene: Poja\u010dana \u017eelja za seksom, umanjivanje osje\u0107aja straha i nesigurnosti, umanjuje lu\u010denje sluzi, ja\u010da lu\u010denje estrogena, spre\u010dava vaginalno su\u0161enje i poja\u010dava lu\u010denje vaginalnog sekreta, neophodnog za kvalitetan seks.<\/p>\n<p><strong>Sastojci Macun Meda<\/strong><\/p>\n<p>Treba napomenuti da se ovaj proizvod dobija kombinacijom vi\u0161e biljaka. Sastoji su slede\u0107i: Epimedium, Maca, Tribulus Terrestis, Cola Vera, Ginkgo Biloba, Lesser Galangal, Mulbery Molasses, P\u010delin Polen, Mati\u010dna mle\u010d, \u017den\u0161en, \u0110umbir, Kopriva, Zob, Cvjetni Med i Cimet.<\/p>\n<p>Epimedium<br \/>\n-Epimedium sadr\u017ei Ikkarin koji je zaslu\u017ean za opu\u0161tanje mi\u0161i\u0107a, a koji sadr\u017ei azot oksid koji poja\u010dava sam krvotok kroz genitalno podru\u010dje ljudi. U Kineskoj medicini se koristi od davnina, pogotovo kod \u017eenskih menopauza i poja\u010dava protok krvi kroz vaginu \u017eene, \u0161to za uzvrat stimuli\u0161e klitoris i \u010dini ga izuzetno osjetljivim.<\/p>\n<p>Maca<br \/>\n-Maca je zapravo Zen\u0161en iz Perua koji se koristi kao veoma sna\u017ean afrodizijak a od davnina se smatra da je to sveta biljka namijenjena pobolj\u0161anju seksualnog zdravlja. Takodje daje odli\u010dne rezultate kod erektilne disfunkcije, pove\u0107anjalibida ali i plodnosti kod \u017eena i mu\u0161karaca.<\/p>\n<p>Tribulus Terrestis<br \/>\n-Tribulus Terrestis je prirodni afrodizijak koji ja\u010da kardiovaskularni sistem i pove\u0107ava libido. Interesantno je da ovaj lijek uzimaju mnogo sportisti, a u kombinaciji sa maca i Ginsengznatno pobolj\u0161ava plodnost kod mu\u0161karaca.<\/p>\n<p>Cola Vera<br \/>\n-Cola Vera u sebi sadr\u017ei kofein, tanine i antocijanin. Ova kombinacija stimuli\u0161e nervni sistem, dr\u017ei tijelo budnim a odli\u010dne rezultate daje i u lu\u010denju dijareje ili dizenterije. Zbog svojih prirodnih sastojaka odli\u010dan je antidepresiv.<\/p>\n<p>Ginkgo Biloba<br \/>\n-Ginkgo Biloba je odli\u010dan sastojak za borbu protiv stresa i znatno opu\u0161ta mi\u0161i\u0107e prilikom naprezanja istih. Pobolj\u0161ava cirkulaciju u tijelu ljudi, posebno u mozgu i srcu, \u0161to dovodi do boljeg protoka krvi kroz genitalno podru\u010dje.<\/p>\n<p>Lasser Galangal<br \/>\n-Lasser Galangal je zapravo kineski djumbir koji je svoje mjesto nasao u medicini ali i gastronomiji. Odli\u010dno sredstvo za uklanjanje mu\u010dnine i generalno stoma\u010dnih tegoba, a uzgred pove\u0107ava i telesnu temperaturu. Upravo povi\u0161ena temperatura dovodi do bolje cirkulacije u svim djelovima tijena pa i u ponim organima.<\/p>\n<p>Mulberry Molasses<br \/>\n-Mulberry Molasses je namijenjen za lije\u010denje dijabetisa i gojaznosti, a pokazao se kao i odli\u010dan preparat za pobolj\u0161anje kvaliteta seksualnog odnosa. Ova melesa ublazava simptome menstruacije kod \u017eena, umanjuje stres i glavobolje, ja\u010da imuni sistem i poja\u010dava nivo hemoglobina.<\/p>\n<p>P\u010delin polen<br \/>\n-P\u010delin polen u svojoj strukturi nosi vise od 40% proteina, a isti sadr\u017ei i vi\u0161e od 90% neophodnih materija covjeku. Kako je prirodan preparat i ne mo\u017ee se proizvesti vje\u0161ta\u010dki, p\u010delin polen je jedan od najdravijih sastojaka.<\/p>\n<p>Maticna Mle\u010d<br \/>\n-Maticna Mle\u010d je jedna od najuravnote\u017eenijih namirnica poznatih \u010dovjeku i odli\u010dan je za revitalizaciju tijela nakon du\u017eeg oporavka od operacija ili bolesti. Prirodan afrodizijak koji \u0107e Vam pru\u017eiti dodatnu seksualnu energiju i pobolj\u0161a kvalitet Va\u0161ih intimnih odnosa.<\/p>\n<p>\u017den\u0161en<br \/>\n-\u017den\u0161en je kineski afrodizijak koji podsti\u010de sna\u017enu erekciju kod mu\u0161karaca, a takodje podspje\u0161uje proizvodnju spermatozoida pa je tako jedan od najboljih prirodnih ljekova za pobolj\u0161anje plodnosti kod mu\u0161karaca.<\/p>\n<p>Djumbir<br \/>\n-Djumbir je tradicionalan i stari preprarat namijenjen uklanjanju stoma\u010dnih tegoba i hroni\u010dne iscrpljenosti. To je jedan od zdravijih za\u010dina koji doprinose Va\u0161em organizmu na mnogo naa\u010dina a neke od dobrobiti su: poja\u010dan libido, bolja koncetracija i uklanjanje infekcija i stoma\u010dnih problema.<\/p>\n<p>Kopriva<br \/>\n-Kopriva je rasprostranjena i \u0161irom svijeta poznata biljka koja sadr\u017ei velike koli\u010dine kalcijuma i kalijuma, \u0161to je odli\u010dan alat za balansiranje krvnog pritiska ali i pobolj\u0161anja zdravlja kostiju. Ima veoma jako antimikrobno, antireumatsko i antiinflamatorno dejsto.<\/p>\n<p>Bundeva<br \/>\n-Bundeva se pokazala kao odli\u010dna u lije\u010denju problema vezanih za \u017eeludac i crijeva. Poznato je i da zna\u010dajno podmladjuje ko\u017eu i \u010dini je mek\u0161om.<\/p>\n<p>Vanila<br \/>\n-Vanila je afrodizijak poznat po svim instan\u010danom i slatkom ukusu, kao i zavodljivom mirisu. Lako dovodi do euforije, smiruje i pobolj\u0161ava libido, odnosno seksualni nagon.<\/p>\n<p>Zob<br \/>\n-Zob je fantasti\u010dan antidepresiv. Odli\u010dno se pokazuje u revitalizaciji centralnog nervnog sistema i poja\u010dava nivo estrogena u tijelu.<\/p>\n<p>Cvjetni Med<br \/>\n-Cvjetni Med sadr\u017ei kalcijum, magnezijum, cink i gvo\u017edje, a koji svi zajedno u komninaciji pobolj\u0161avaju seksualni odnos, odnosno du\u017einu i kvalitet istog. Takodje sadr\u017ei i bor koji izuzetno poja\u010dava nivo testosterona.<\/p>\n<p>Cimet<br \/>\n-Cimet je veoma star za\u010din koji je poznat \u010dovje\u010danstvu vi\u0161e od 5000 godina. To je slatkasti za\u010din koji je odli\u010dan preparat za gastrointestinalne probleme ali i veoma uspje\u0161no uklanja probleme kod \u017eenskih reproduktivnih organa.<\/p>\n<p>Skup svih gore pomenutih supstanci, ljekova, za\u010dina i afrodizijaka u efikasnoj razmjeri podspje\u0161uje cirkulaciju u cijelom tijelu a posebno u genitalnom podru\u010dju.<br \/>\nTakodje, Macun Med pove\u0107ava nivo spermatozoida pa tako omugu\u0107ava intezivnije u\u017eivanje u seksualnom odnosu a u isto vrijeme izvanredno lije\u010di impotenciju kod mu\u0161karaca i omogu\u0107ava vi\u0161esatno u\u017eivanje bez nus pojava. I \u017eene i mu\u0161karci mogu da u\u017eivaju u kvalitetnijem intimnom \u017eivotu u pomo\u0107 preparata Turskog Meda.<\/p>\n<p><strong style=\"margin: 0px;padding: 0px;border: 0px;font-size: 14px;vertical-align: baseline;background: none;font-weight: 700\">Diskrecija zagarantovana.<\/strong><\/p>\n<p>Dostava kurirom \u2013 Cijela Crna Gora: Podgorica, Nik\u0161i\u0107, Cetinje, Danilovgrad, Plu\u017eine, \u0160avnik, \u017dabljak, Pljevlja, Berane, Bijelo Polje, Petnjica, Ro\u017eaje, Plav, Bar, Ulcinj, Petrovac, Budva, Kotor, Tivat, Herceg Novi.<\/p>\n<p><strong style=\"margin: 0px;padding: 0px;border: 0px;font-size: 14px;vertical-align: baseline;background: none;font-weight: 700\">Pozovite ili po\u0161aljite poruku na:<span class=\"Apple-converted-space\" style=\"margin: 0px;padding: 0px;border: 0px;font-size: 14px;vertical-align: baseline;background: none\">&nbsp;<\/span><a href=\"tel:067%20450%20300\" style=\"margin: 0px;padding: 0px;border: 0px;font-size: 14px;vertical-align: baseline;background: none;text-decoration: none\">067 450 300<\/a>\u2013 Viber WhatsApp<\/strong><\/p>\n","protected":false},"excerpt":{"rendered":"<p>&nbsp;Macun Med proizvo\u0111a\u010da Naturals je unisex preparat na biljnoj bazi koji je namijenjen za pobolj\u0161anje intimnog \u017eivota za ljude uzrasta od 18 do 64 godine.<\/p>\n<p>Za razliku od svih drugih preparata sli\u010dne namjene mogu da ga koriste i \u017eene i tako pobolj\u0161aju protok krvi kroz vaginu, samim time se uzbude i odnos im bude mnogo bolji.<\/p>\n<p>Macun Med se sastoji od nekoliko razli\u010ditih biljaka. Uglavnom endemskih, koje se kombinuju u odre\u0111enom procentu kako bi se postigao \u017eeljeni balans komponenti, koji za uzvrat daje gore pomenute benefite i mu\u0161karcima i \u017eenama. Mnoga istra\u017eivanja su potvrdila da je ovaj proizvod efikasan i kako sve pomenute biljke poti\u010du iz Azije, vjekovima unazad ovaj preparat se koristi za lije\u010denje erektilne disfunkcije kao i za pove\u0107anje inteziteta orgazma i samog seksualnog odnosa.<\/p>\n<p>Pakovanje: 12 kesica.<\/p>\n<p><strong>Diskrecija zagarantovana.<\/strong><\/p>\n<p>Dostava kurirom &#8211; Cijela Crna Gora: Podgorica, Nik\u0161i\u0107, Cetinje, Danilovgrad, Plu\u017eine, \u0160avnik, \u017dabljak, Pljevlja, Berane, Bijelo Polje, Petnjica, Ro\u017eaje, Plav, Bar, Ulcinj, Petrovac, Budva, Kotor, Tivat, Herceg Novi.<\/p>\n<p><strong>Pozovite ili po\u0161aljite poruku na: 067 450 300 &#8211; Viber WhatsApp<\/strong><\/p>\n","protected":false},"featured_media":94,"comment_status":"open","ping_status":"closed","template":"","meta":{"_et_pb_use_builder":"","_et_pb_old_content":"","_et_gb_content_width":""},"product_brand":[25],"product_cat":[341,313,484,489,338,340,339,414,418,420,419,415,417,337,416,498,324,479,458,460,457,459,456,507,461,464,465,462,463,503,478,165,530,494,342,363,364,366,365,310],"product_tag":[59,54,55,62,48,49,588,589,63,47,56,61,58,53,50,57,51,64,60,52],"class_list":{"0":"post-93","1":"product","2":"type-product","3":"status-publish","4":"has-post-thumbnail","6":"product_brand-macun","7":"product_cat-afrodizijak","8":"product_cat-diskretna-dostava-podgorica","9":"product_cat-diskretna-kupovina","10":"product_cat-macun-med","11":"product_cat-macun-med-crna-gora","12":"product_cat-macun-med-dostava-crna-gora","13":"product_cat-macun-med-dostava-podgorica","14":"product_cat-macun-med-kesice","15":"product_cat-macun-med-kesice-crna-gora","16":"product_cat-macun-med-kesice-crna-gora-diskretna-dostava","17":"product_cat-macun-med-kesice-crna-gora-dostava","18":"product_cat-macun-med-kesice-podgorica","19":"product_cat-macun-med-kesice-podgorica-dostava","20":"product_cat-macun-med-podgorica","21":"product_cat-macun-med-podgorica-dostava","22":"product_cat-med","23":"product_cat-najbolji-preparati-za-potenciju-podgorica","24":"product_cat-originalni-biljni-lijekovi","25":"product_cat-potencija-crna-gora","26":"product_cat-potencija-crna-gora-dostava","27":"product_cat-potencija-podgorica","28":"product_cat-potencija-podgorica-dostava","29":"product_cat-potenicija-podgorica-preparati","30":"product_cat-potencija-preparati-crna-gora","31":"product_cat-preparati-za-potenciju","32":"product_cat-preparati-za-potenciju-crna-gora","33":"product_cat-preparati-za-potenciju-crna-gora-dostava","34":"product_cat-preparati-za-potenciju-podgorica","35":"product_cat-preparati-za-potenciju-podgorica-dostava","36":"product_cat-preparati-za-zene","37":"product_cat-preparati-za-zensku-potenciju-podgorica","38":"product_cat-prirodni-preparati-za-potenciju","39":"product_cat-specijalizovani-preparati-za-produzen-i-kvalitetan-seksualni-ucinak-podgorica","40":"product_cat-za-musku-potenciju","41":"product_cat-za-musku-potenciju-podgorica","42":"product_cat-za-zene","43":"product_cat-za-zensku-potenciju","44":"product_cat-za-zensku-potenciju-crna-gora","45":"product_cat-za-zensku-potenciju-podgorica","46":"product_cat-zadovoljstvo-za-dame","47":"product_tag-bar","48":"product_tag-berane","49":"product_tag-bijelo-polje","50":"product_tag-budva","51":"product_tag-cetinje","52":"product_tag-danilovgrad","53":"product_tag-dostava-kurirom-cijela-crna-gora-podgorica","54":"product_tag-herceg-novi-2","55":"product_tag-kotor","56":"product_tag-niksic","57":"product_tag-petnjica","58":"product_tag-petrovac","59":"product_tag-plav","60":"product_tag-pljevlja","61":"product_tag-pluzine","62":"product_tag-rozaje","63":"product_tag-savnik","64":"product_tag-tivat","65":"product_tag-ulcinj","66":"product_tag-zabljak","68":"first","69":"instock","70":"shipping-taxable","71":"purchasable","72":"product-type-simple"},"_links":{"self":[{"href":"https:\/\/kamagra-podgorica.me\/index.php?rest_route=\/wp\/v2\/product\/93","targetHints":{"allow":["GET"]}}],"collection":[{"href":"https:\/\/kamagra-podgorica.me\/index.php?rest_route=\/wp\/v2\/product"}],"about":[{"href":"https:\/\/kamagra-podgorica.me\/index.php?rest_route=\/wp\/v2\/types\/product"}],"replies":[{"embeddable":true,"href":"https:\/\/kamagra-podgorica.me\/index.php?rest_route=%2Fwp%2Fv2%2Fcomments&post=93"}],"wp:featuredmedia":[{"embeddable":true,"href":"https:\/\/kamagra-podgorica.me\/index.php?rest_route=\/wp\/v2\/media\/94"}],"wp:attachment":[{"href":"https:\/\/kamagra-podgorica.me\/index.php?rest_route=%2Fwp%2Fv2%2Fmedia&parent=93"}],"wp:term":[{"taxonomy":"product_brand","embeddable":true,"href":"https:\/\/kamagra-podgorica.me\/index.php?rest_route=%2Fwp%2Fv2%2Fproduct_brand&post=93"},{"taxonomy":"product_cat","embeddable":true,"href":"https:\/\/kamagra-podgorica.me\/index.php?rest_route=%2Fwp%2Fv2%2Fproduct_cat&post=93"},{"taxonomy":"product_tag","embeddable":true,"href":"https:\/\/kamagra-podgorica.me\/index.php?rest_route=%2Fwp%2Fv2%2Fproduct_tag&post=93"}],"curies":[{"name":"wp","href":"https:\/\/api.w.org\/{rel}","templated":true}]}}