{"id":95,"date":"2025-06-26T17:09:56","date_gmt":"2025-06-26T17:09:56","guid":{"rendered":"https:\/\/kamagra-podgorica.me\/?post_type=product&#038;p=95"},"modified":"2026-05-02T20:14:26","modified_gmt":"2026-05-02T20:14:26","slug":"spanska-zlatna-musica-gold-spanish-fly","status":"publish","type":"product","link":"https:\/\/kamagra-podgorica.me\/?product=spanska-zlatna-musica-gold-spanish-fly","title":{"rendered":"\u0160panska Zlatna Mu\u0161ica (Gold Spanish Fly) \u2013 Kapi za \u017densku Potenciju Podgorica Crna Gora"},"content":{"rendered":"<p>&nbsp;<strong>INDIKACIJE:<\/strong><\/p>\n<p>Odsustvo i\/ili smanjen libido kod \u017eena, odsustvo osetljivosti na seksualne nadra\u017eaje, smanjena vla\u017enost vagine, kao i ote\u017eano dostizanje vrhunca.<\/p>\n<p><strong>NE\u017dELJENA DEJSTVA:<\/strong><\/p>\n<p>\u0160panska mu\u0161ica je napravljena u potpunosti od prirodnih biljnih sastojaka i ne\u017eeljena dejstva ili nus pojave nisu do sada uocene ili ne postoje.<\/p>\n<p><strong>NA\u010cIN \u010cUVANJA:<\/strong><\/p>\n<p>Cuvati na suvom i tamnom mjestu, na sobnoj temperaturi. Ne izlagati direktno suncevoj svjetlosti.<\/p>\n","protected":false},"excerpt":{"rendered":"<p>&nbsp;Spanish Gold Fly (\u0160panska mu\u0161ica) je prirodni preparat na biljnoj bazi koji se sastoji od Guarane i Gigembre i primjenuje se za povecanje seksualne \u017eelje i aktivnosti kod \u017eena.<\/p>\n<p>\u0160panska mu\u0161ica nema direktno relaksantno dejstvo, vec potencira relaksantno dejstvo, prema tome, seksualna stimulacija je uslov za farmakolo\u0161ko dejstvo \u0161panske mu\u0161ice i njenu uspje\u0161nu primjenu i uspje\u0161ne efekte.<\/p>\n<p>\u0160panska mu\u0161ica je namijenjena za oralnu primjenu, odnosno potrebno je sipati kesicu u bilo koje bezalkoholno pice i popiti 30-60 min. prije seksualne aktivnosti. Potpuno bez ukusa i mirisa \u010dak i u vodi.<\/p>\n<p><strong>Diskrecija zagarantovana.<\/strong><\/p>\n<p>Dostava kurirom &#8211; Cijela Crna Gora: Podgorica, Nik\u0161i\u0107, Cetinje, Danilovgrad, Plu\u017eine, \u0160avnik, \u017dabljak, Pljevlja, Berane, Bijelo Polje, Petnjica, Ro\u017eaje, Plav, Bar, Ulcinj, Petrovac, Budva, Kotor, Tivat, Herceg Novi.<\/p>\n<p><strong>Pozovite ili po\u0161aljite poruku na: 067 450 300 &#8211; Viber WhatsApp<\/strong><\/p>\n","protected":false},"featured_media":96,"comment_status":"open","ping_status":"closed","template":"","meta":{"_et_pb_use_builder":"","_et_pb_old_content":"","_et_gb_content_width":""},"product_brand":[27],"product_cat":[341,484,324,479,458,460,457,459,456,507,461,464,465,462,463,503,478,165,15,542,541,372,530,363,364,366,365,310],"product_tag":[59,54,55,62,48,49,588,589,63,47,56,61,58,53,50,57,51,64,60,52],"class_list":{"0":"post-95","1":"product","2":"type-product","3":"status-publish","4":"has-post-thumbnail","6":"product_brand-gold-spanish-fly","7":"product_cat-afrodizijak","8":"product_cat-diskretna-kupovina","9":"product_cat-najbolji-preparati-za-potenciju-podgorica","10":"product_cat-originalni-biljni-lijekovi","11":"product_cat-potencija-crna-gora","12":"product_cat-potencija-crna-gora-dostava","13":"product_cat-potencija-podgorica","14":"product_cat-potencija-podgorica-dostava","15":"product_cat-potenicija-podgorica-preparati","16":"product_cat-potencija-preparati-crna-gora","17":"product_cat-preparati-za-potenciju","18":"product_cat-preparati-za-potenciju-crna-gora","19":"product_cat-preparati-za-potenciju-crna-gora-dostava","20":"product_cat-preparati-za-potenciju-podgorica","21":"product_cat-preparati-za-potenciju-podgorica-dostava","22":"product_cat-preparati-za-zene","23":"product_cat-preparati-za-zensku-potenciju-podgorica","24":"product_cat-prirodni-preparati-za-potenciju","25":"product_cat-spanska-musica","26":"product_cat-spanska-musica-dostava-crna-gora","27":"product_cat-spanska-musica-dostava-podgorica","28":"product_cat-spanska-musica-za-zene","29":"product_cat-specijalizovani-preparati-za-produzen-i-kvalitetan-seksualni-ucinak-podgorica","30":"product_cat-za-zene","31":"product_cat-za-zensku-potenciju","32":"product_cat-za-zensku-potenciju-crna-gora","33":"product_cat-za-zensku-potenciju-podgorica","34":"product_cat-zadovoljstvo-za-dame","35":"product_tag-bar","36":"product_tag-berane","37":"product_tag-bijelo-polje","38":"product_tag-budva","39":"product_tag-cetinje","40":"product_tag-danilovgrad","41":"product_tag-dostava-kurirom-cijela-crna-gora-podgorica","42":"product_tag-herceg-novi-2","43":"product_tag-kotor","44":"product_tag-niksic","45":"product_tag-petnjica","46":"product_tag-petrovac","47":"product_tag-plav","48":"product_tag-pljevlja","49":"product_tag-pluzine","50":"product_tag-rozaje","51":"product_tag-savnik","52":"product_tag-tivat","53":"product_tag-ulcinj","54":"product_tag-zabljak","56":"first","57":"instock","58":"shipping-taxable","59":"purchasable","60":"product-type-simple"},"_links":{"self":[{"href":"https:\/\/kamagra-podgorica.me\/index.php?rest_route=\/wp\/v2\/product\/95","targetHints":{"allow":["GET"]}}],"collection":[{"href":"https:\/\/kamagra-podgorica.me\/index.php?rest_route=\/wp\/v2\/product"}],"about":[{"href":"https:\/\/kamagra-podgorica.me\/index.php?rest_route=\/wp\/v2\/types\/product"}],"replies":[{"embeddable":true,"href":"https:\/\/kamagra-podgorica.me\/index.php?rest_route=%2Fwp%2Fv2%2Fcomments&post=95"}],"wp:featuredmedia":[{"embeddable":true,"href":"https:\/\/kamagra-podgorica.me\/index.php?rest_route=\/wp\/v2\/media\/96"}],"wp:attachment":[{"href":"https:\/\/kamagra-podgorica.me\/index.php?rest_route=%2Fwp%2Fv2%2Fmedia&parent=95"}],"wp:term":[{"taxonomy":"product_brand","embeddable":true,"href":"https:\/\/kamagra-podgorica.me\/index.php?rest_route=%2Fwp%2Fv2%2Fproduct_brand&post=95"},{"taxonomy":"product_cat","embeddable":true,"href":"https:\/\/kamagra-podgorica.me\/index.php?rest_route=%2Fwp%2Fv2%2Fproduct_cat&post=95"},{"taxonomy":"product_tag","embeddable":true,"href":"https:\/\/kamagra-podgorica.me\/index.php?rest_route=%2Fwp%2Fv2%2Fproduct_tag&post=95"}],"curies":[{"name":"wp","href":"https:\/\/api.w.org\/{rel}","templated":true}]}}