{"id":97,"date":"2025-06-26T17:15:17","date_gmt":"2025-06-26T17:15:17","guid":{"rendered":"https:\/\/kamagra-podgorica.me\/?post_type=product&#038;p=97"},"modified":"2026-05-04T05:59:51","modified_gmt":"2026-05-04T05:59:51","slug":"crna-udovica-preparat-za-potenciju-za-zene","status":"publish","type":"product","link":"https:\/\/kamagra-podgorica.me\/?product=crna-udovica-preparat-za-potenciju-za-zene","title":{"rendered":"Crna Udovica (Black Widow) Kapi \u2013 Afrodizijak za \u017dene Podgorica Crna Gora"},"content":{"rendered":"<p>&nbsp;<strong>DEJSTVO:<\/strong><\/p>\n<p>Black widow kapi sadr\u017ee jedinstvenu formulu koja omogucava podizanje nivoa \u017eenskih hormona u organizmu. Aktivni sastojci pojacavaju seksualnu \u017eelju kod \u017eena, vla\u017enost vagine, pojacavaju kontrakcije vaginalnih mi\u0161ica, unapreduju seksualno zadovoljstvo i izdr\u017eljivost tokom odnosa.<\/p>\n<p><strong>SASTAV:<\/strong><\/p>\n<p>Epimediumbiljnihekstrakta, Ekstraktkorijenazensena i listaginkobilobe, Makaekstrakt, Ksilitol, Panakoside, vitamini E i B6.<\/p>\n<p><strong>NA\u010cIN UPOTREBE:<\/strong><\/p>\n<p>Jedna bocica Black Widow (crna udovica) namijenjena je za dva konzumiranja. Pola bocice (2,5 ml) se koristi zajednu upotrebu. Sadr\u017eaj od 2,5 ml sipati u vodu, sok, bezalkoholno ili alkoholno pice, ili pomije\u0161ati sa hranom. Dejstvo pocinje posle 30 minuta i traje do 12 sati. Preporucena dnevna doza je 2,5 ml tecnosti.<\/p>\n<p><strong>NE\u017dELJENA DEJSTVA:<\/strong><\/p>\n<p>Ne\u017eeljena dejstva nisu poznata. Osobama sklonim alergijama se savjetuje oprez.<\/p>\n<p><strong>KONTRAINDIKACIJE:<\/strong><\/p>\n<p>Preparat je namijenjen iskljucivo osobama \u017eenskog pola. Ne koristiti za vrijeme trudnoce i dojenja.<\/p>\n<p><strong>NA\u010cIN \u010cUVANJA:<\/strong><\/p>\n<p>Bocicu cuvati u originalnom pakovanju, na sobnoj temperaturi, za\u0161ticeno od svjetlosti i vlage, van doma\u0161aja djece. Rok upotrebe oznacen na pakovanju.<\/p>\n","protected":false},"excerpt":{"rendered":"<p>&nbsp;BLACK WIDOW<\/p>\n<p>Black Widow (crna udovica) je prirodni preparat za seksualnu stimulaciju \u017eena nevjerovatnog dejstva. Bezbojan je, bez mirisa, bez ukusa i najva\u017enije bez \u0161tetnih posledica. Crna udovica poma\u017ee kod podizanja nivoa \u017eenskih hormona u organizmu, pojacava seksualnu \u017eelju i vla\u017enost vagine.<\/p>\n<p>Crna udovica djeluje tako \u0161to kod \u017eena izaziva prijatan svrab u vagini i izaziva nekontrolisanu \u017eelju za seksom. Crna udovica se mo\u017ee slobodno koristiti sa bezalkoholnim i alkoholnim picima.<\/p>\n<p>Pakovanje: bo\u010dica za 2 koris\u0107enja<\/p>\n<p><strong>Diskrecija zagarantovana.<\/strong><\/p>\n<p>Dostava kurirom &#8211; Cijela Crna Gora: Podgorica, Nik\u0161i\u0107, Cetinje, Danilovgrad, Plu\u017eine, \u0160avnik, \u017dabljak, Pljevlja, Berane, Bijelo Polje, Petnjica, Ro\u017eaje, Plav, Bar, Ulcinj, Petrovac, Budva, Kotor, Tivat, Herceg Novi.<\/p>\n<p><strong>Pozovite ili po\u0161aljite poruku na: 067 450 300 &#8211; Viber WhatsApp<\/strong><\/p>\n","protected":false},"featured_media":98,"comment_status":"open","ping_status":"closed","template":"","meta":{"_et_pb_use_builder":"","_et_pb_old_content":"","_et_gb_content_width":""},"product_brand":[28],"product_cat":[341,373,506,376,377,374,375,313,484,324,479,458,460,457,459,456,507,461,464,465,462,463,503,478,165,363,364,366,365,310],"product_tag":[59,54,55,62,48,49,588,589,63,47,56,61,58,53,50,57,51,64,60,52],"class_list":{"0":"post-97","1":"product","2":"type-product","3":"status-publish","4":"has-post-thumbnail","6":"product_brand-black-widow","7":"product_cat-afrodizijak","8":"product_cat-crna-udovica","9":"product_cat-crna-udovica-podgorica","10":"product_cat-crna-udovica-za-zene-crna-gora","11":"product_cat-crna-udovica-za-zene-crna-gora-dostava","12":"product_cat-crna-udovica-za-zene-podgorica","13":"product_cat-crna-udovica-za-zene-podgorica-dostava","14":"product_cat-diskretna-dostava-podgorica","15":"product_cat-diskretna-kupovina","16":"product_cat-najbolji-preparati-za-potenciju-podgorica","17":"product_cat-originalni-biljni-lijekovi","18":"product_cat-potencija-crna-gora","19":"product_cat-potencija-crna-gora-dostava","20":"product_cat-potencija-podgorica","21":"product_cat-potencija-podgorica-dostava","22":"product_cat-potenicija-podgorica-preparati","23":"product_cat-potencija-preparati-crna-gora","24":"product_cat-preparati-za-potenciju","25":"product_cat-preparati-za-potenciju-crna-gora","26":"product_cat-preparati-za-potenciju-crna-gora-dostava","27":"product_cat-preparati-za-potenciju-podgorica","28":"product_cat-preparati-za-potenciju-podgorica-dostava","29":"product_cat-preparati-za-zene","30":"product_cat-preparati-za-zensku-potenciju-podgorica","31":"product_cat-prirodni-preparati-za-potenciju","32":"product_cat-za-zene","33":"product_cat-za-zensku-potenciju","34":"product_cat-za-zensku-potenciju-crna-gora","35":"product_cat-za-zensku-potenciju-podgorica","36":"product_cat-zadovoljstvo-za-dame","37":"product_tag-bar","38":"product_tag-berane","39":"product_tag-bijelo-polje","40":"product_tag-budva","41":"product_tag-cetinje","42":"product_tag-danilovgrad","43":"product_tag-dostava-kurirom-cijela-crna-gora-podgorica","44":"product_tag-herceg-novi-2","45":"product_tag-kotor","46":"product_tag-niksic","47":"product_tag-petnjica","48":"product_tag-petrovac","49":"product_tag-plav","50":"product_tag-pljevlja","51":"product_tag-pluzine","52":"product_tag-rozaje","53":"product_tag-savnik","54":"product_tag-tivat","55":"product_tag-ulcinj","56":"product_tag-zabljak","58":"first","59":"instock","60":"shipping-taxable","61":"purchasable","62":"product-type-simple"},"_links":{"self":[{"href":"https:\/\/kamagra-podgorica.me\/index.php?rest_route=\/wp\/v2\/product\/97","targetHints":{"allow":["GET"]}}],"collection":[{"href":"https:\/\/kamagra-podgorica.me\/index.php?rest_route=\/wp\/v2\/product"}],"about":[{"href":"https:\/\/kamagra-podgorica.me\/index.php?rest_route=\/wp\/v2\/types\/product"}],"replies":[{"embeddable":true,"href":"https:\/\/kamagra-podgorica.me\/index.php?rest_route=%2Fwp%2Fv2%2Fcomments&post=97"}],"wp:featuredmedia":[{"embeddable":true,"href":"https:\/\/kamagra-podgorica.me\/index.php?rest_route=\/wp\/v2\/media\/98"}],"wp:attachment":[{"href":"https:\/\/kamagra-podgorica.me\/index.php?rest_route=%2Fwp%2Fv2%2Fmedia&parent=97"}],"wp:term":[{"taxonomy":"product_brand","embeddable":true,"href":"https:\/\/kamagra-podgorica.me\/index.php?rest_route=%2Fwp%2Fv2%2Fproduct_brand&post=97"},{"taxonomy":"product_cat","embeddable":true,"href":"https:\/\/kamagra-podgorica.me\/index.php?rest_route=%2Fwp%2Fv2%2Fproduct_cat&post=97"},{"taxonomy":"product_tag","embeddable":true,"href":"https:\/\/kamagra-podgorica.me\/index.php?rest_route=%2Fwp%2Fv2%2Fproduct_tag&post=97"}],"curies":[{"name":"wp","href":"https:\/\/api.w.org\/{rel}","templated":true}]}}